{"id":830,"date":"2024-04-17T10:53:20","date_gmt":"2024-04-17T13:53:20","guid":{"rendered":"https:\/\/www.acquavici.com.br\/?post_type=product&#038;p=830"},"modified":"2025-08-13T15:07:54","modified_gmt":"2025-08-13T18:07:54","slug":"aquecedor-versatil-lorenzetti-220v-5500w","status":"publish","type":"product","link":"https:\/\/www.acquavici.com.br\/en\/aquecedor-versatil-lorenzetti-220v-5500w\/","title":{"rendered":"AQUECEDOR VERS\u00c1TIL 220v 5.500W LORENZETTI"},"content":{"rendered":"<p>Este aquecedor de \u00e1gua \u00e9 a alternativa perfeita para quem procura por \u00e1gua quente e com f\u00e1cil instala\u00e7\u00e3o. O Vers\u00e1til \u00e9 uma excelente solu\u00e7\u00e3o, e pode ser usado na pia da cozinha, em lavat\u00f3rios e demais locais onde \u00e9 necess\u00e1rio esquentar a \u00e1gua como sal\u00f5es de cabelereiro e barbearias.<\/p>\n<p>\u00c9 ideal para ser usado nas resid\u00eancias t\u00e9rreas e sobrados, onde h\u00e1 uma baixa press\u00e3o de at\u00e9 20 metros de coluna. Com este aquecedor \u00e9 poss\u00edvel contar com \u00e1gua quente de maneira instant\u00e2nea, sem desperd\u00edcio de energia ou \u00e1gua. Este aparelho pode ser instalado com misturadores e monocomandos. Possui 3 temperaturas a medida certa para economia de luz e \u00e1gua.<\/p>\n<p>Conta com duas sa\u00eddas de \u00e1gua, uma quente e outra fria, funciona em qualquer posi\u00e7\u00e3o e possui engate e desengate r\u00e1pido,<\/p>\n<p>Diferenciais:<br \/>\nInstala\u00e7\u00e3o F\u00e1cil: Funciona em qualquer posi\u00e7\u00e3o. Engate e desengate r\u00e1pido.<br \/>\n3 Temperaturas: Aquecimento e economia na medida certa.<br \/>\n\u00c1gua Quente Instantaneamente: Sem desperd\u00edcio de \u00e1gua e energia.<br \/>\nVers\u00e1til; Para pias, bid\u00eas e lavat\u00f3rios.<br \/>\nPermite a utiliza\u00e7\u00e3o direta com torneiras, misturadores e monocomandos.<br \/>\nTroca R\u00e1pida da Resist\u00eancia: Tipo refil, de f\u00e1cil acesso.<br \/>\nIndicado para utiliza\u00e7\u00e3o em resid\u00eancias em baixas press\u00f5es, at\u00e9 20m.c.a<\/p>\n<p>Informa\u00e7\u00f5es T\u00e9cnicas:<br \/>\nTens\u00e3o: 220V<br \/>\nPot\u00eancia: 5500W<br \/>\nGrau de Prote\u00e7\u00e3o: IP 24<br \/>\nSistema de Aterramento: Sim<br \/>\nCompat\u00edvel com &#8220;DR&#8221;: Sim<br \/>\nFios: 4mm<br \/>\nDisjuntor: 30A<br \/>\nPress\u00e3o de funcionamento: 20 a 200kPA<\/p>\n<p>Aten\u00e7\u00e3o: Certifique-se das especifica\u00e7\u00f5es de Tens\u00e3o e Pot\u00eancia adequadas ao local de uso. As especifica\u00e7\u00f5es deste produto est\u00e3o contidas no t\u00edtulo do an\u00fancio<\/p>\n<p>Itens inclusos:<br \/>\n01 aquecedor el\u00e9trico;<\/p>\n<p>ATEN\u00c7\u00c3O<br \/>\nEnviado com Nota Fiscal<\/p>\n<p>SOMOS ASSIST\u00caNCIA T\u00c9CNICA AUTORIZADA LORENZETTI.<\/p>","protected":false},"excerpt":{"rendered":"<p>Este aquecedor de \u00e1gua \u00e9 a alternativa perfeita para quem procura por \u00e1gua quente e com f\u00e1cil instala\u00e7\u00e3o. O Vers\u00e1til \u00e9 uma excelente solu\u00e7\u00e3o, e pode ser usado na pia da cozinha, em lavat\u00f3rios e demais locais onde \u00e9 necess\u00e1rio esquentar a \u00e1gua como sal\u00f5es de cabelereiro e barbearias. \u00c9 ideal para ser usado nas [&hellip;]<\/p>","protected":false},"featured_media":871,"comment_status":"open","ping_status":"closed","template":"","meta":[],"product_brand":[],"product_cat":[21],"product_tag":[],"class_list":{"0":"post-830","1":"product","2":"type-product","3":"status-publish","4":"has-post-thumbnail","6":"product_cat-aquecedor-eletrico","8":"first","9":"instock","10":"shipping-taxable","11":"purchasable","12":"product-type-simple"},"_links":{"self":[{"href":"https:\/\/www.acquavici.com.br\/en\/wp-json\/wp\/v2\/product\/830","targetHints":{"allow":["GET"]}}],"collection":[{"href":"https:\/\/www.acquavici.com.br\/en\/wp-json\/wp\/v2\/product"}],"about":[{"href":"https:\/\/www.acquavici.com.br\/en\/wp-json\/wp\/v2\/types\/product"}],"replies":[{"embeddable":true,"href":"https:\/\/www.acquavici.com.br\/en\/wp-json\/wp\/v2\/comments?post=830"}],"wp:featuredmedia":[{"embeddable":true,"href":"https:\/\/www.acquavici.com.br\/en\/wp-json\/wp\/v2\/media\/871"}],"wp:attachment":[{"href":"https:\/\/www.acquavici.com.br\/en\/wp-json\/wp\/v2\/media?parent=830"}],"wp:term":[{"taxonomy":"product_brand","embeddable":true,"href":"https:\/\/www.acquavici.com.br\/en\/wp-json\/wp\/v2\/product_brand?post=830"},{"taxonomy":"product_cat","embeddable":true,"href":"https:\/\/www.acquavici.com.br\/en\/wp-json\/wp\/v2\/product_cat?post=830"},{"taxonomy":"product_tag","embeddable":true,"href":"https:\/\/www.acquavici.com.br\/en\/wp-json\/wp\/v2\/product_tag?post=830"}],"curies":[{"name":"wp","href":"https:\/\/api.w.org\/{rel}","templated":true}]}}