{"id":831,"date":"2024-04-17T10:53:20","date_gmt":"2024-04-17T13:53:20","guid":{"rendered":"https:\/\/www.acquavici.com.br\/?post_type=product&#038;p=831"},"modified":"2024-07-11T09:29:18","modified_gmt":"2024-07-11T12:29:18","slug":"ducha-top-jet-multitemperaturas-lorenzetti-220v-7-500w","status":"publish","type":"product","link":"https:\/\/www.acquavici.com.br\/en\/ducha-top-jet-multitemperaturas-lorenzetti-220v-7-500w\/","title":{"rendered":"DUCHA TOP JET MULTITEMPERATURA 220V 7.500W LORENZETTI"},"content":{"rendered":"<p>A Ducha Top Jet Multitemperaturas possui um sistema que proporciona o banho na temperatura certa. No qual voc\u00ea escolhe a temperatura desejada de maneira f\u00e1cil e segura. Para economizar energia el\u00e9trica, basta observar a faixa indicativa do consumo. Ela permite ajuste fino e preciso da temperatura, proporcionando um banho de qualidade e na temperatura ideal.<\/p>\n<p>A Ducha Top Jet traz conforto, economia e seguran\u00e7a ao usu\u00e1rio. Ela possui 4 temperaturas pr\u00e9-definidas, que proporciona um banho eficiente nas quatro esta\u00e7\u00f5es do ano. Possui acionamento super pr\u00e1tico atrav\u00e9s do bot\u00e3o ou exclusivamente atrav\u00e9s da sua haste prolongada de 30 cent\u00edmetros que facilita o acesso.<\/p>\n<p>\u00c9 uma ducha que mistura linhas curvas e arrojadas, sendo assinada pela equipe Lorenzetti de design. Al\u00e9m disso, a Ducha Top Jet \u00e9 compat\u00edvel com aquecedores solares, o que aumenta a sua abrang\u00eancia de utiliza\u00e7\u00e3o.<\/p>\n<p>Caracter\u00edsticas do Produto:<br \/>\nA Ducha Top Jet Multi temperaturas conta com quatro op\u00e7\u00f5es de temperaturas<br \/>\nDucha de Parede (sem a necessidade de cano para instala\u00e7\u00e3o)<br \/>\nComando Multi temperaturas: Aquecimento e economia na medida certa<br \/>\nCompat\u00edvel com dispositivo de prote\u00e7\u00e3o DR: Dispositivo Diferencial Residual<br \/>\nCompat\u00edvel com aquecimento solar e outros sistemas de aquecimento<br \/>\nHaste de comando: Troca de temperatura ao alcance das m\u00e3os<br \/>\nResist\u00eancia de troca r\u00e1pida: Tipo ref\u00edl<\/p>\n<p>Descri\u00e7\u00e3o T\u00e9cnica:<br \/>\nVoltagem: 220v<br \/>\nPot\u00eancia: 7500w<br \/>\nTemperaturas: 04<br \/>\nDisjuntor: 40 A<br \/>\nFio: 6mm\u00b2<br \/>\nGrau de Prote\u00e7\u00e3o: ip 24<br \/>\nMaterial: Termo pl\u00e1stico<br \/>\nPress\u00e3o de funcionamento: 10 a 400 kpa (1 a 40 mca)<\/p>\n<p>Aten\u00e7\u00e3o: Certifique-se das especifica\u00e7\u00f5es de Tens\u00e3o e Pot\u00eancia adequadas ao local de uso. As especifica\u00e7\u00f5es deste produto est\u00e3o contidas no t\u00edtulo do an\u00fancio<\/p>\n<p>Itens inclusos:<br \/>\n1 Ducha Top Jet Multitemperaturas;<br \/>\n1 Chuveirinho;<br \/>\n1 Mangueira;<br \/>\n1 Suporte para Chuveirinho;<\/p>\n<p>ATEN\u00c7\u00c3O<br \/>\nEnviado com Nota Fiscal<\/p>\n<p>SOMOS ASSIST\u00caNCIA T\u00c9CNICA AUTORIZADA LORENZETTI.<\/p>","protected":false},"excerpt":{"rendered":"<p>A Ducha Top Jet Multitemperaturas possui um sistema que proporciona o banho na temperatura certa. No qual voc\u00ea escolhe a temperatura desejada de maneira f\u00e1cil e segura. Para economizar energia el\u00e9trica, basta observar a faixa indicativa do consumo. Ela permite ajuste fino e preciso da temperatura, proporcionando um banho de qualidade e na temperatura ideal. [&hellip;]<\/p>","protected":false},"featured_media":876,"comment_status":"open","ping_status":"closed","template":"","meta":[],"product_brand":[],"product_cat":[24],"product_tag":[],"class_list":{"0":"post-831","1":"product","2":"type-product","3":"status-publish","4":"has-post-thumbnail","6":"product_cat-duchas-chuveiros","8":"first","9":"instock","10":"shipping-taxable","11":"purchasable","12":"product-type-simple"},"_links":{"self":[{"href":"https:\/\/www.acquavici.com.br\/en\/wp-json\/wp\/v2\/product\/831","targetHints":{"allow":["GET"]}}],"collection":[{"href":"https:\/\/www.acquavici.com.br\/en\/wp-json\/wp\/v2\/product"}],"about":[{"href":"https:\/\/www.acquavici.com.br\/en\/wp-json\/wp\/v2\/types\/product"}],"replies":[{"embeddable":true,"href":"https:\/\/www.acquavici.com.br\/en\/wp-json\/wp\/v2\/comments?post=831"}],"wp:featuredmedia":[{"embeddable":true,"href":"https:\/\/www.acquavici.com.br\/en\/wp-json\/wp\/v2\/media\/876"}],"wp:attachment":[{"href":"https:\/\/www.acquavici.com.br\/en\/wp-json\/wp\/v2\/media?parent=831"}],"wp:term":[{"taxonomy":"product_brand","embeddable":true,"href":"https:\/\/www.acquavici.com.br\/en\/wp-json\/wp\/v2\/product_brand?post=831"},{"taxonomy":"product_cat","embeddable":true,"href":"https:\/\/www.acquavici.com.br\/en\/wp-json\/wp\/v2\/product_cat?post=831"},{"taxonomy":"product_tag","embeddable":true,"href":"https:\/\/www.acquavici.com.br\/en\/wp-json\/wp\/v2\/product_tag?post=831"}],"curies":[{"name":"wp","href":"https:\/\/api.w.org\/{rel}","templated":true}]}}