{"id":834,"date":"2024-04-17T10:53:20","date_gmt":"2024-04-17T13:53:20","guid":{"rendered":"https:\/\/www.acquavici.com.br\/?post_type=product&#038;p=834"},"modified":"2025-07-19T12:16:59","modified_gmt":"2025-07-19T15:16:59","slug":"ducha-advanced-turbo-multitemperaturas-lorenzetti-220v-7-500w","status":"publish","type":"product","link":"https:\/\/www.acquavici.com.br\/en\/ducha-advanced-turbo-multitemperaturas-lorenzetti-220v-7-500w\/","title":{"rendered":"DUCHA ADVANCED TURBO MULTITEMPERATURA 220v 7.500w LORENZETTI"},"content":{"rendered":"<p>A Ducha Advanced Turbo Multitemperaturas da Lorenzetti \u00e9 feita para trazer mais conforto e praticidade para o seu banho.<\/p>\n<p>Apresenta design moderno com espalhador grande e pressurizador, aumentando a vaz\u00e3o de \u00e1gua e proporcionando um banho mais relaxante.<\/p>\n<p>O ajuste de temperatura pode ser feito de forma gradual e precisa, deixando a \u00e1gua na temperatura ideal durante o ano inteiro.<\/p>\n<p>Caracteristicas T\u00e9cnicas:<br \/>\nTens\u00e3o (Volts): 220V<br \/>\nPot\u00eancia Nominal (Watts): 7.500W<br \/>\nF\u00e1cil instala\u00e7\u00e3o<br \/>\nResist\u00eancia de Troca R\u00e1pida: Tipo refil (de f\u00e1cil acesso)<br \/>\nDesign moderno e sem fia\u00e7\u00e3o<br \/>\nTela bloqueadora de res\u00edduos<br \/>\n4 temperaturas<br \/>\nCompat\u00edvel com aquecedores solares<br \/>\nGrande espalhador<br \/>\nJato inteligente<br \/>\nJato na ducha principal ou na ducha manual grande<br \/>\nChave para mudan\u00e7a de temperatura<br \/>\nConta com um pressurizador de \u00e1gua que j\u00e1 vem embutido, garantindo mais volume e press\u00e3o de \u00e1gua<br \/>\nConsumo M\u00ednimo (%): 13,4kWh\/m\u00eas<br \/>\nConsumo M\u00e1ximo (%): 34,9kWh\/m\u00eas<br \/>\nEfici\u00eancia Energ\u00e9tica: Superior a 95%<\/p>\n<p>Aten\u00e7\u00e3o: Certifique-se das especifica\u00e7\u00f5es de Tens\u00e3o e Pot\u00eancia adequadas ao local de uso. As especifica\u00e7\u00f5es deste produto est\u00e3o contidas no t\u00edtulo do an\u00fancio<\/p>\n<p>Itens inclusos:<br \/>\n1 DUCHA ADVANCED TURBO MULTITEMPERATURA 220v 7.500w LORENZETTI;<br \/>\n1 Chuveirinho;<br \/>\n1 Mangueira;<br \/>\n1 Suporte para Chuveirinho;<br \/>\n1 Manual de Instru\u00e7\u00f5es;<\/p>\n<p>ATEN\u00c7\u00c3O<br \/>\nEnviado com Nota Fiscal.<\/p>\n<p>SOMOS ASSIST\u00caNCIA T\u00c9CNICA AUTORIZADA LORENZETTI.<\/p>","protected":false},"excerpt":{"rendered":"<p>A Ducha Advanced Turbo Multitemperaturas da Lorenzetti \u00e9 feita para trazer mais conforto e praticidade para o seu banho. Apresenta design moderno com espalhador grande e pressurizador, aumentando a vaz\u00e3o de \u00e1gua e proporcionando um banho mais relaxante. O ajuste de temperatura pode ser feito de forma gradual e precisa, deixando a \u00e1gua na temperatura [&hellip;]<\/p>","protected":false},"featured_media":914,"comment_status":"open","ping_status":"closed","template":"","meta":[],"product_brand":[],"product_cat":[24],"product_tag":[],"class_list":{"0":"post-834","1":"product","2":"type-product","3":"status-publish","4":"has-post-thumbnail","6":"product_cat-duchas-chuveiros","8":"first","9":"instock","10":"shipping-taxable","11":"purchasable","12":"product-type-simple"},"_links":{"self":[{"href":"https:\/\/www.acquavici.com.br\/en\/wp-json\/wp\/v2\/product\/834","targetHints":{"allow":["GET"]}}],"collection":[{"href":"https:\/\/www.acquavici.com.br\/en\/wp-json\/wp\/v2\/product"}],"about":[{"href":"https:\/\/www.acquavici.com.br\/en\/wp-json\/wp\/v2\/types\/product"}],"replies":[{"embeddable":true,"href":"https:\/\/www.acquavici.com.br\/en\/wp-json\/wp\/v2\/comments?post=834"}],"wp:featuredmedia":[{"embeddable":true,"href":"https:\/\/www.acquavici.com.br\/en\/wp-json\/wp\/v2\/media\/914"}],"wp:attachment":[{"href":"https:\/\/www.acquavici.com.br\/en\/wp-json\/wp\/v2\/media?parent=834"}],"wp:term":[{"taxonomy":"product_brand","embeddable":true,"href":"https:\/\/www.acquavici.com.br\/en\/wp-json\/wp\/v2\/product_brand?post=834"},{"taxonomy":"product_cat","embeddable":true,"href":"https:\/\/www.acquavici.com.br\/en\/wp-json\/wp\/v2\/product_cat?post=834"},{"taxonomy":"product_tag","embeddable":true,"href":"https:\/\/www.acquavici.com.br\/en\/wp-json\/wp\/v2\/product_tag?post=834"}],"curies":[{"name":"wp","href":"https:\/\/api.w.org\/{rel}","templated":true}]}}