{"id":835,"date":"2024-04-17T10:53:20","date_gmt":"2024-04-17T13:53:20","guid":{"rendered":"https:\/\/www.acquavici.com.br\/?post_type=product&#038;p=835"},"modified":"2024-07-11T11:10:31","modified_gmt":"2024-07-11T14:10:31","slug":"resistencia-acqua-ultra-lorenzetti-220v-7800w","status":"publish","type":"product","link":"https:\/\/www.acquavici.com.br\/en\/resistencia-acqua-ultra-lorenzetti-220v-7800w\/","title":{"rendered":"RESISTENCIA ACQUA ULTRA 220V 7.800W LORENZETTI 3065 B"},"content":{"rendered":"<p>Cada produto \u00e9 desenvolvido com fia\u00e7\u00e3o interna para suportar uma determinada Voltagem e Pot\u00eancia.<br \/>\nNunca coloque uma resist\u00eancia que tenha caracter\u00edsticas diferentes do padr\u00e3o desenvolvido para seu produto.<\/p>\n<p>Marca: Lorenzetti<br \/>\nModelo: 3065-B<br \/>\nPot\u00eancia: 7.800W<br \/>\nVoltagem: 220V<\/p>\n<p>Essa resist\u00eancia \u00e9 compat\u00edvel com:<br \/>\nChuveiro Acqua Duo<br \/>\nChuveiro Acqua Storm<br \/>\nChuveiro Acqua Star<br \/>\nChuveiro Acqua Jet<br \/>\nChuveiro Acqua Wave<\/p>\n<p>Itens inclusos:<br \/>\n1 Resist\u00eancia Acqua Ultra Lorenzetti 220v 7800w;<br \/>\n1 Manual de Instru\u00e7\u00f5es;<\/p>\n<p>ATEN\u00c7\u00c3O<br \/>\nEnviado com Nota Fiscal<\/p>\n<p>SOMOS ASSIST\u00caNCIA T\u00c9CNICA AUTORIZADA LORENZETTI.<\/p>","protected":false},"excerpt":{"rendered":"<p>Cada produto \u00e9 desenvolvido com fia\u00e7\u00e3o interna para suportar uma determinada Voltagem e Pot\u00eancia. Nunca coloque uma resist\u00eancia que tenha caracter\u00edsticas diferentes do padr\u00e3o desenvolvido para seu produto. Marca: Lorenzetti Modelo: 3065-B Pot\u00eancia: 7.800W Voltagem: 220V Essa resist\u00eancia \u00e9 compat\u00edvel com: Chuveiro Acqua Duo Chuveiro Acqua Storm Chuveiro Acqua Star Chuveiro Acqua Jet Chuveiro Acqua [&hellip;]<\/p>","protected":false},"featured_media":918,"comment_status":"open","ping_status":"closed","template":"","meta":[],"product_brand":[],"product_cat":[24],"product_tag":[],"class_list":{"0":"post-835","1":"product","2":"type-product","3":"status-publish","4":"has-post-thumbnail","6":"product_cat-duchas-chuveiros","8":"first","9":"instock","10":"shipping-taxable","11":"purchasable","12":"product-type-simple"},"_links":{"self":[{"href":"https:\/\/www.acquavici.com.br\/en\/wp-json\/wp\/v2\/product\/835","targetHints":{"allow":["GET"]}}],"collection":[{"href":"https:\/\/www.acquavici.com.br\/en\/wp-json\/wp\/v2\/product"}],"about":[{"href":"https:\/\/www.acquavici.com.br\/en\/wp-json\/wp\/v2\/types\/product"}],"replies":[{"embeddable":true,"href":"https:\/\/www.acquavici.com.br\/en\/wp-json\/wp\/v2\/comments?post=835"}],"wp:featuredmedia":[{"embeddable":true,"href":"https:\/\/www.acquavici.com.br\/en\/wp-json\/wp\/v2\/media\/918"}],"wp:attachment":[{"href":"https:\/\/www.acquavici.com.br\/en\/wp-json\/wp\/v2\/media?parent=835"}],"wp:term":[{"taxonomy":"product_brand","embeddable":true,"href":"https:\/\/www.acquavici.com.br\/en\/wp-json\/wp\/v2\/product_brand?post=835"},{"taxonomy":"product_cat","embeddable":true,"href":"https:\/\/www.acquavici.com.br\/en\/wp-json\/wp\/v2\/product_cat?post=835"},{"taxonomy":"product_tag","embeddable":true,"href":"https:\/\/www.acquavici.com.br\/en\/wp-json\/wp\/v2\/product_tag?post=835"}],"curies":[{"name":"wp","href":"https:\/\/api.w.org\/{rel}","templated":true}]}}