{"id":836,"date":"2024-04-17T10:53:20","date_gmt":"2024-04-17T13:53:20","guid":{"rendered":"https:\/\/www.acquavici.com.br\/?post_type=product&#038;p=836"},"modified":"2025-07-15T13:34:34","modified_gmt":"2025-07-15T16:34:34","slug":"ducha-potenza-pressurizada-c-desviador-br-cardal-78kw-220v-aq035-2","status":"publish","type":"product","link":"https:\/\/www.acquavici.com.br\/en\/ducha-potenza-pressurizada-c-desviador-br-cardal-78kw-220v-aq035-2\/","title":{"rendered":"DUCHA POTENZA PRESSURIZADA C\/DESVIADOR BR 220V 7800W CARDAL AQ035\/2"},"content":{"rendered":"<p>DUCHA POTENZA PRESSURIZADA C\/DESVIADOR BR 220V 7800W CARDAL AQ035\/2<\/p>\n<p>Caracter\u00edsticas &amp; Benef\u00edcios:<br \/>\nCriteriosamente elaborada para obter maior efici\u00eancia. A temperatura ideal de \u00e1gua para atenuar o cansa\u00e7o do dia-a-dia, tornando o banho mais confort\u00e1vel, principalmente em dias frios.<\/p>\n<p>Desviador total que impede a sa\u00edda simult\u00e2nea de \u00e1gua pelo crivo principal e ducha manual. O Desviador \u00e9 um dispositivo de bloqueio autom\u00e1tico que permite o fluxo de \u00e1gua somente no chuveirinho, quando desejado.<\/p>\n<p>Jato de \u00e1gua multidirecional. Possibilita direcionar o jato de \u00e1gua como desejar. Com o jato de \u00e1gua multidirecional, \u00e9 poss\u00edvel direcionar o jato para a parte desejada do corpo, sem molhar os cabelos.<\/p>\n<p>F\u00e1cil instala\u00e7\u00e3o. Conex\u00e3o direta ao ponto de sa\u00edda de \u00e1gua da parede, dispensando o cano (bra\u00e7o) de interliga\u00e7\u00e3o. As Duchas Potenza dispensam este acess\u00f3rio, obrigat\u00f3rio na maioria das duchas e chuveiros el\u00e9tricos.<\/p>\n<p>Compat\u00edvel no uso com sistemas de aquecimento solar. Proporciona economia de \u00e1gua e energia em dias nublados, possibilitando o desligamento permanente do sistema auxiliar el\u00e9trico do aquecedor central.<\/p>\n<p>Resist\u00eancia com tratamento t\u00e9rmico. Maior durabilidade O tratamento t\u00e9rmico proporciona \u00e0 resist\u00eancia maior defesa \u00e0 corros\u00e3o provocada pelas subst\u00e2ncias qu\u00edmicas contidas na \u00e1gua.<\/p>\n<p>Maior seguran\u00e7a. Compatibilidade com Dispositivo DR. Devido a sua construtividade e alto grau de isola\u00e7\u00e3o el\u00e9trica, as Duchas Potenza s\u00e3o compat\u00edveis com o Dispositivo DR.<\/p>\n<p>Este produto tem seu desempenho aprovado pelo INMETRO e est\u00e1 em conformidade com o Programa Brasileiro de Etiquetagem &#8211; PBE.<\/p>\n<p>Descri\u00e7\u00e3o:<br \/>\nMarca: Cardal<br \/>\nModelo: Ducha Potenza (AQ035\/2)<br \/>\nPot\u00eancia: 7.800W<br \/>\nTens\u00e3o: 220V<br \/>\nCor: Branca<br \/>\nTipo de Ducha: Multitemperatura \/ Multidirecional<br \/>\nPressurizada: Sim<br \/>\nN\u00famero de temperaturas: 4<\/p>\n<p>Informa\u00e7\u00f5es t\u00e9cnicas:<br \/>\nFia\u00e7\u00e3o M\u00ednima: 6mm\u00b2<br \/>\nDisjuntor: 40 A<br \/>\nPress\u00e3o m\u00ednima de funcionamento: 7 kPa (0,7 m.c.a)<br \/>\nPress\u00e3o m\u00e1xima de funcionamento: 400 kPa (40 m.c.a)<\/p>\n<p>Itens inclusos:<br \/>\n01 Ducha Potenza Pressurizada C\/ Desviador Br Cardal 7,8kw\/220v AQ035\/2;<br \/>\n01 Mangueira;<br \/>\n01 Ducha Manual;<br \/>\n01 Dispositivo redutor;<br \/>\n02 Conectores el\u00e9tricos;<br \/>\n01 Suporte para Ducha Manual;<br \/>\n02 Parafusos com buchas pl\u00e1sticas;<br \/>\n01 Manual de Instru\u00e7\u00f5es;<\/p>\n<p>ATEN\u00c7\u00c3O<br \/>\nEnviado com Nota Fiscal.<\/p>\n<p>SOMOS ASSIST\u00caNCIA T\u00c9CNICA AUTORIZADA CARDAL.<\/p>","protected":false},"excerpt":{"rendered":"<p>DUCHA POTENZA PRESSURIZADA C\/DESVIADOR BR 220V 7800W CARDAL AQ035\/2 Caracter\u00edsticas &amp; Benef\u00edcios: Criteriosamente elaborada para obter maior efici\u00eancia. A temperatura ideal de \u00e1gua para atenuar o cansa\u00e7o do dia-a-dia, tornando o banho mais confort\u00e1vel, principalmente em dias frios. Desviador total que impede a sa\u00edda simult\u00e2nea de \u00e1gua pelo crivo principal e ducha manual. O Desviador [&hellip;]<\/p>","protected":false},"featured_media":921,"comment_status":"open","ping_status":"closed","template":"","meta":[],"product_brand":[],"product_cat":[24],"product_tag":[],"class_list":{"0":"post-836","1":"product","2":"type-product","3":"status-publish","4":"has-post-thumbnail","6":"product_cat-duchas-chuveiros","8":"first","9":"instock","10":"shipping-taxable","11":"purchasable","12":"product-type-simple"},"_links":{"self":[{"href":"https:\/\/www.acquavici.com.br\/en\/wp-json\/wp\/v2\/product\/836","targetHints":{"allow":["GET"]}}],"collection":[{"href":"https:\/\/www.acquavici.com.br\/en\/wp-json\/wp\/v2\/product"}],"about":[{"href":"https:\/\/www.acquavici.com.br\/en\/wp-json\/wp\/v2\/types\/product"}],"replies":[{"embeddable":true,"href":"https:\/\/www.acquavici.com.br\/en\/wp-json\/wp\/v2\/comments?post=836"}],"wp:featuredmedia":[{"embeddable":true,"href":"https:\/\/www.acquavici.com.br\/en\/wp-json\/wp\/v2\/media\/921"}],"wp:attachment":[{"href":"https:\/\/www.acquavici.com.br\/en\/wp-json\/wp\/v2\/media?parent=836"}],"wp:term":[{"taxonomy":"product_brand","embeddable":true,"href":"https:\/\/www.acquavici.com.br\/en\/wp-json\/wp\/v2\/product_brand?post=836"},{"taxonomy":"product_cat","embeddable":true,"href":"https:\/\/www.acquavici.com.br\/en\/wp-json\/wp\/v2\/product_cat?post=836"},{"taxonomy":"product_tag","embeddable":true,"href":"https:\/\/www.acquavici.com.br\/en\/wp-json\/wp\/v2\/product_tag?post=836"}],"curies":[{"name":"wp","href":"https:\/\/api.w.org\/{rel}","templated":true}]}}