{"id":840,"date":"2024-04-17T10:53:20","date_gmt":"2024-04-17T13:53:20","guid":{"rendered":"https:\/\/www.acquavici.com.br\/?post_type=product&#038;p=840"},"modified":"2025-08-04T15:08:30","modified_gmt":"2025-08-04T18:08:30","slug":"controle-remoto-para-ventilador-teto-aliseu-universal","status":"publish","type":"product","link":"https:\/\/www.acquavici.com.br\/en\/controle-remoto-para-ventilador-teto-aliseu-universal\/","title":{"rendered":"Controle Remoto Para Ventilador Teto Aliseu Universal"},"content":{"rendered":"<p>ATEN\u00c7\u00c3O!!! O controle n\u00e3o funciona sem o RECEPTOR!!! Esse controle serve apenas para fins de reposi\u00e7\u00e3o, ou seja, voc\u00ea j\u00e1 utiliza controle no seu ventilador e por algum motivo precisa trocar ou adicionar um controle. Se voc\u00ea utiliza a chave na parede, significa que o ventilador n\u00e3o possui o receptor e nesse caso, somente o controle n\u00e3o ir\u00e1 funcionar.<\/p>\n<p>N\u00c3O ACOMPANHA O RECEPTOR.<\/p>\n<p>SE O SEU VENTILADOR N\u00c3O POSSUIR O RECEPTOR INSTALADO NO MOTOR, O CONTROLE N\u00c3O FUNCIONA!<\/p>\n<p>E antes de abrir uma reclama\u00e7\u00e3o que isso afeta nossa reputa\u00e7\u00e3o, olhe se o controle remoto acende a luz vermelha. Se ele acender a luz vermelha \u00e9 porque o controle funciona.<\/p>\n<p>Se abrir a reclama\u00e7\u00e3o e colocar que n\u00e3o funciona, isso nos prejudica muito. Por isso pe\u00e7o que analise muito bem antes de comprar o produto. E preste aten\u00e7\u00e3o antes de abrir a reclama\u00e7\u00e3o. Caso tenha se arrependido da compra, \u00e9 so colocar essa op\u00e7\u00e3o para devolu\u00e7\u00e3o do seu dinheiro. E n\u00e3o colocar que o produto n\u00e3o funciona, pois de fato ele funciona. \u00c9 so prestar aten\u00e7\u00e3o se a luz do controle acender \u00e9 porque o controle funciona.<\/p>\n<p>DUVIDAS PERGUNTE ANTES DE EFETUAR A COMPRA.<\/p>\n<p>*****ATEN\u00c7\u00c3O ANUNCIO \u00c9 S\u00d3 PARA COMPRA DO CONTROLE REMOTO, N\u00c3O INCLUSO O KIT RECEPTOR e NEM BATERIA DO CONTROLE*****<\/p>\n<p>EMBALAGEM VAI APENAS COM O CONTROLE REMOTO.<\/p>\n<p>Controle Remoto para Ventiladores de teto Aliseu &#8211; De f\u00e1cil instala\u00e7\u00e3o e desenvolvido para n\u00e3o gerar \u201croncos\u201d ou \u201czumbidos\u201d no motor, ele tamb\u00e9m n\u00e3o produz interfer\u00eancia eletromagn\u00e9tica e tem alta efici\u00eancia el\u00e9trica, mantendo o motor menos aquecido em velocidades m\u00e9dia e m\u00ednima.<\/p>\n<p>Produto de Exclusividade Aliseu.<\/p>\n<p>Caracter\u00edsticas:<br \/>\nDescri\u00e7\u00e3o: Controle remoto<br \/>\nModelo: IC55<br \/>\nCompatibilidade: Ventilador de Teto<br \/>\nModelos compat\u00edveis: Todos (Menos Aliseu ECO CONFORT)<br \/>\nFabricante: Aliseu<br \/>\nMaterial: Pl\u00e1stico<br \/>\nCor: Branco<\/p>\n<p>Itens inclusos:<br \/>\n1 Controle remoto;<br \/>\n1 Manual de Instru\u00e7\u00f5es;<\/p>\n<p>ATEN\u00c7\u00c3O<br \/>\nEnviado com Nota Fiscal.<\/p>\n<p>SOMOS ASSIST\u00caNCIA T\u00c9CNICA AUTORIZADA ALISEU.<\/p>","protected":false},"excerpt":{"rendered":"<p>ATEN\u00c7\u00c3O!!! O controle n\u00e3o funciona sem o RECEPTOR!!! Esse controle serve apenas para fins de reposi\u00e7\u00e3o, ou seja, voc\u00ea j\u00e1 utiliza controle no seu ventilador e por algum motivo precisa trocar ou adicionar um controle. Se voc\u00ea utiliza a chave na parede, significa que o ventilador n\u00e3o possui o receptor e nesse caso, somente o [&hellip;]<\/p>","protected":false},"featured_media":925,"comment_status":"open","ping_status":"closed","template":"","meta":[],"product_brand":[],"product_cat":[20],"product_tag":[],"class_list":{"0":"post-840","1":"product","2":"type-product","3":"status-publish","4":"has-post-thumbnail","6":"product_cat-ventilador-de-teto","8":"first","9":"instock","10":"shipping-taxable","11":"purchasable","12":"product-type-simple"},"_links":{"self":[{"href":"https:\/\/www.acquavici.com.br\/en\/wp-json\/wp\/v2\/product\/840","targetHints":{"allow":["GET"]}}],"collection":[{"href":"https:\/\/www.acquavici.com.br\/en\/wp-json\/wp\/v2\/product"}],"about":[{"href":"https:\/\/www.acquavici.com.br\/en\/wp-json\/wp\/v2\/types\/product"}],"replies":[{"embeddable":true,"href":"https:\/\/www.acquavici.com.br\/en\/wp-json\/wp\/v2\/comments?post=840"}],"wp:featuredmedia":[{"embeddable":true,"href":"https:\/\/www.acquavici.com.br\/en\/wp-json\/wp\/v2\/media\/925"}],"wp:attachment":[{"href":"https:\/\/www.acquavici.com.br\/en\/wp-json\/wp\/v2\/media?parent=840"}],"wp:term":[{"taxonomy":"product_brand","embeddable":true,"href":"https:\/\/www.acquavici.com.br\/en\/wp-json\/wp\/v2\/product_brand?post=840"},{"taxonomy":"product_cat","embeddable":true,"href":"https:\/\/www.acquavici.com.br\/en\/wp-json\/wp\/v2\/product_cat?post=840"},{"taxonomy":"product_tag","embeddable":true,"href":"https:\/\/www.acquavici.com.br\/en\/wp-json\/wp\/v2\/product_tag?post=840"}],"curies":[{"name":"wp","href":"https:\/\/api.w.org\/{rel}","templated":true}]}}