{"id":85,"date":"2024-04-17T10:45:42","date_gmt":"2024-04-17T13:45:42","guid":{"rendered":"https:\/\/www.acquavici.com.br\/?post_type=product&#038;p=85"},"modified":"2025-08-14T13:47:44","modified_gmt":"2025-08-14T16:47:44","slug":"aquecedor-central-4t-novo-cardal-220v-8200w-aq252-2","status":"publish","type":"product","link":"https:\/\/www.acquavici.com.br\/en\/aquecedor-central-4t-novo-cardal-220v-8200w-aq252-2\/","title":{"rendered":"Aquecedor Central 4T Cardal 220v 8200w AQ252\/2"},"content":{"rendered":"<p>Aquecedor Central 4T\u00a0 Cardal 220v 8200w AQ252\/2<\/p>\n<p>A nova linha de Aquecedores Centrais foi desenvolvida para uma grande variedade de aplica\u00e7\u00f5es. Devido a sua versatilidade e pequenas dimens\u00f5es, pode ser instalado pr\u00f3ximo aos pontos de uso no banheiro (pia, lavat\u00f3rio, bid\u00ea, ducha, etc.) ou onde se necessitar \u00e1gua quente, evitando o desperd\u00edcio de \u00e1gua que ocorre com os outros sistemas de aquecimento central (a g\u00e1s, solar ou boiler). Al\u00e9m da significativa economia na instala\u00e7\u00e3o, se comparado a outros sistemas de aquecimento, o novo Aquecedor Central proporciona, tamb\u00e9m, o uso racional de \u00e1gua e energia el\u00e9trica, com economia superior a 50%.<\/p>\n<p>Diferenciais:<br \/>\nO \u00danico que suporta 100 metros de coluna de \u00e1gua<br \/>\nInstala\u00e7\u00e3o pr\u00f3xima ao ponto de uso, evita o desperd\u00edcio de \u00e1gua<br \/>\nUma \u00fanica tubula\u00e7\u00e3o, economia na instala\u00e7\u00e3o<br \/>\nEconomia de energia el\u00e9trica<br \/>\nEconomia de \u00e1gua<br \/>\nControle multitemperatura<br \/>\nVersatilidade e tranquilidade<br \/>\nMaior durabilidade<br \/>\nMaior seguran\u00e7a devido \u00e0 compatibilidade com Dispositivo DR<br \/>\nCompat\u00edvel no uso com sistemas de aquecimento solar<\/p>\n<p>Descri\u00e7\u00e3o:<br \/>\nMarca: Cardal<br \/>\nModelo: Aquecedor Central 4T<br \/>\nC\u00f3digo: AQ-252\/2<\/p>\n<p>Caracter\u00edsticas:<br \/>\nPot\u00eancia: 8.200 W<br \/>\nTens\u00e3o: 220 V<br \/>\nCor: Branco<br \/>\nTipo de aquecedor: Multitemperatura<br \/>\nN\u00famero de temperaturas: 4<br \/>\nTipo de resist\u00eancia: Climatizada<\/p>\n<p>Informa\u00e7\u00f5es t\u00e9cnicas:<br \/>\nFia\u00e7\u00e3o M\u00ednima: 6 mm\u00b2<br \/>\nDisjuntor: 40 A<br \/>\nPress\u00e3o m\u00ednima: 20 kPa (2 m.c.a.)<br \/>\nPress\u00e3o m\u00e1xima: 1000 kPa (100 m.c.a.)<\/p>\n<p>Itens inclusos:<br \/>\n01 Aquecedor;<br \/>\n02 Parafusos com buchas pl\u00e1sticas;<br \/>\n01 Dispositivo regulador de vaz\u00e3o;<br \/>\n01 Manual de Instru\u00e7\u00f5es;<br \/>\n01 Gabarito para fura\u00e7\u00e3o;<\/p>\n<p>ATEN\u00c7\u00c3O<br \/>\nEnviado com nota fiscal<\/p>\n<p>SOMOS ASSIST\u00caNCIA T\u00c9CNICA AUTORIZADA CARDAL.<\/p>","protected":false},"excerpt":{"rendered":"<p>Tipo: Central<br \/>\nTens\u00e3o El\u00e9trica: 250V (220V)<br \/>\nClasse de Efici\u00eancia Energ\u00e9tica: G<br \/>\nPot\u00eancia: 8200 W<\/p>\n<p><strong>Descri\u00e7\u00e3o:<\/strong><\/p>\n<p>&nbsp;<\/p>\n<p>\u00b7\u00a0\u00a0\u00a0\u00a0\u00a0\u00a0\u00a0\u00a0\u00a0Marca: Cardal<\/p>\n<p>\u00b7\u00a0\u00a0\u00a0\u00a0\u00a0\u00a0\u00a0\u00a0\u00a0Modelo: Aquecedor Central 4T (AQ-252\/2)<\/p>\n<p>\u00b7\u00a0\u00a0\u00a0\u00a0\u00a0\u00a0\u00a0\u00a0\u00a0Pot\u00eancia: 8.200W<\/p>\n<p>\u00b7\u00a0\u00a0\u00a0\u00a0\u00a0\u00a0\u00a0\u00a0\u00a0Tens\u00e3o: 220V<\/p>\n<p>\u00b7\u00a0\u00a0\u00a0\u00a0\u00a0\u00a0\u00a0\u00a0\u00a0Cor: Branco<\/p>\n<p>\u00b7\u00a0\u00a0\u00a0\u00a0\u00a0\u00a0\u00a0\u00a0\u00a0Tipo de aquecedor: Multitemperatura<\/p>\n<p>\u00b7\u00a0\u00a0\u00a0\u00a0\u00a0\u00a0\u00a0\u00a0\u00a0N\u00famero de temperaturas: 4<\/p>\n<p>&nbsp;<\/p>\n<p><strong>Informa\u00e7\u00f5es t\u00e9cnicas:<\/strong><\/p>\n<p>&nbsp;<\/p>\n<p>\u00b7\u00a0\u00a0\u00a0\u00a0\u00a0\u00a0\u00a0\u00a0\u00a0Fia\u00e7\u00e3o M\u00ednima: 6mm\u00b2<\/p>\n<p>\u00b7\u00a0\u00a0\u00a0\u00a0\u00a0\u00a0\u00a0\u00a0\u00a0Disjuntor: 40 A<\/p>\n<p>\u00b7\u00a0\u00a0\u00a0\u00a0\u00a0\u00a0\u00a0\u00a0\u00a0Press\u00e3o m\u00ednima de funcionamento: 20 kPa (2 m.c.a.)<\/p>\n<p>\u00b7\u00a0\u00a0\u00a0\u00a0\u00a0\u00a0\u00a0\u00a0\u00a0Press\u00e3o m\u00e1xima de funcionamento: 1000 kPa (100 m.c.a.)<\/p>\n<p>&nbsp;<\/p>\n<p><strong>Itens inclusos:<\/strong><\/p>\n<p>&nbsp;<\/p>\n<p>\u00b7\u00a0\u00a0\u00a0\u00a0\u00a0\u00a0\u00a0\u00a0\u00a001 Aquecedor;<\/p>\n<p>\u00b7\u00a0\u00a0\u00a0\u00a0\u00a0\u00a0\u00a0\u00a0\u00a002 Parafusos com buchas pl\u00e1sticas;<\/p>\n<p>\u00b7\u00a0\u00a0\u00a0\u00a0\u00a0\u00a0\u00a0\u00a0\u00a001 Dispositivo regulador de vaz\u00e3o;<\/p>\n<p>\u00b7\u00a0\u00a0\u00a0\u00a0\u00a0\u00a0\u00a0\u00a0\u00a001 Manual de Instru\u00e7\u00f5es;<\/p>\n<p>\u00b7\u00a0\u00a0\u00a0\u00a0\u00a0\u00a0\u00a0\u00a0\u00a001 Gabarito para fura\u00e7\u00e3o.<\/p>","protected":false},"featured_media":190,"comment_status":"open","ping_status":"closed","template":"","meta":[],"product_brand":[],"product_cat":[21],"product_tag":[],"class_list":{"0":"post-85","1":"product","2":"type-product","3":"status-publish","4":"has-post-thumbnail","6":"product_cat-aquecedor-eletrico","8":"first","9":"instock","10":"shipping-taxable","11":"purchasable","12":"product-type-simple"},"_links":{"self":[{"href":"https:\/\/www.acquavici.com.br\/en\/wp-json\/wp\/v2\/product\/85","targetHints":{"allow":["GET"]}}],"collection":[{"href":"https:\/\/www.acquavici.com.br\/en\/wp-json\/wp\/v2\/product"}],"about":[{"href":"https:\/\/www.acquavici.com.br\/en\/wp-json\/wp\/v2\/types\/product"}],"replies":[{"embeddable":true,"href":"https:\/\/www.acquavici.com.br\/en\/wp-json\/wp\/v2\/comments?post=85"}],"wp:featuredmedia":[{"embeddable":true,"href":"https:\/\/www.acquavici.com.br\/en\/wp-json\/wp\/v2\/media\/190"}],"wp:attachment":[{"href":"https:\/\/www.acquavici.com.br\/en\/wp-json\/wp\/v2\/media?parent=85"}],"wp:term":[{"taxonomy":"product_brand","embeddable":true,"href":"https:\/\/www.acquavici.com.br\/en\/wp-json\/wp\/v2\/product_brand?post=85"},{"taxonomy":"product_cat","embeddable":true,"href":"https:\/\/www.acquavici.com.br\/en\/wp-json\/wp\/v2\/product_cat?post=85"},{"taxonomy":"product_tag","embeddable":true,"href":"https:\/\/www.acquavici.com.br\/en\/wp-json\/wp\/v2\/product_tag?post=85"}],"curies":[{"name":"wp","href":"https:\/\/api.w.org\/{rel}","templated":true}]}}