{"id":890,"date":"2024-04-17T10:53:42","date_gmt":"2024-04-17T13:53:42","guid":{"rendered":"https:\/\/www.acquavici.com.br\/?post_type=product&#038;p=890"},"modified":"2024-07-24T09:49:49","modified_gmt":"2024-07-24T12:49:49","slug":"ducha-florenza-c-desviador-cr-cardal-110v-5500w-aq047-1","status":"publish","type":"product","link":"https:\/\/www.acquavici.com.br\/en\/ducha-florenza-c-desviador-cr-cardal-110v-5500w-aq047-1\/","title":{"rendered":"DUCHA FLORENZA C\/DESVIADOR CR 110V 5500W CARDAL AQ047\/1"},"content":{"rendered":"<p>DUCHA FLORENZA C\/DESVIADOR CR 110V 5500W CARDAL AQ047\/1<\/p>\n<p>H\u00e1 tempos o banho com \u00e1gua quente deixou de ser simplesmente uma forma de higieniza\u00e7\u00e3o pessoal e passou a ser uma formid\u00e1vel fonte de prazer, aliviando o estresse e proporcionando uma melhor qualidade de vida.<\/p>\n<p>Uma das formas mais indicadas de banho \u00e9 com a \u00e1gua morna. De prefer\u00eancia entre 27 e 36\u00b0C. Al\u00e9m de ser o tipo de temperatura mais adequado para a pele, os banhos mornos s\u00e3o excelentes depois de um dia cansativo. &#8220;O calor dilata os vasos sangu\u00edneos da pele e relaxa os m\u00fasculos, o que ajuda muito na sensa\u00e7\u00e3o de bem-estar e relaxamento do corpo, esse processo faz com que haja libera\u00e7\u00e3o de endorfinas, o que pode ajudar em alguns casos de ins\u00f4nia.<\/p>\n<p>AS DUCHAS CARDAL fazem parte desta evolu\u00e7\u00e3o e se destacam pelo seu estilo moderno, trazendo como resultado o conforto de banhos relaxantes, com efici\u00eancia, economia e seguran\u00e7a.<\/p>\n<p>Caracter\u00edsticas &amp; Benef\u00edcios:<\/p>\n<p>Criteriosamente elaborada para obter maior efici\u00eancia. A temperatura ideal de \u00e1gua para atenuar o cansa\u00e7o do dia-a-dia, tornando o banho mais confort\u00e1vel, principalmente em dias frios.<\/p>\n<p>4 op\u00e7\u00f5es de temperaturas. A solu\u00e7\u00e3o para economizar energia e \u00e1gua no banho. Com as op\u00e7\u00f5es: Frio; Morno; Quente; Super Quente \u00e9 poss\u00edvel atingir a temperatura ideal de banho e ainda diminuir o consumo de energia el\u00e9trica e \u00e1gua.<\/p>\n<p>Desviador total que impede a sa\u00edda simult\u00e2nea de \u00e1gua pelo crivo principal e ducha manual. O Desviador \u00e9 um dispositivo de bloqueio autom\u00e1tico que permite o fluxo de \u00e1gua somente no chuveirinho, quando desejado.<\/p>\n<p>Jato de \u00e1gua multidirecional. Possibilita direcionar o jato de \u00e1gua como desejar. Com o jato de \u00e1gua multidirecional, \u00e9 poss\u00edvel direcionar o jato para a parte desejada do corpo, sem molhar os cabelos.<\/p>\n<p>F\u00e1cil instala\u00e7\u00e3o. Conex\u00e3o direta ao ponto de sa\u00edda de \u00e1gua da parede, dispensando o cano (bra\u00e7o) de interliga\u00e7\u00e3o. As Duchas Florenza dispensam este acess\u00f3rio, obrigat\u00f3rio na maioria das duchas e chuveiros el\u00e9tricos.<\/p>\n<p>Compat\u00edvel no uso com sistemas de aquecimento solar. Proporciona economia de \u00e1gua e energia em dias nublados, possibilitando o desligamento permanente do sistema auxiliar el\u00e9trico do aquecedor central.<\/p>\n<p>Resist\u00eancia com tratamento t\u00e9rmico. Maior durabilidade O tratamento t\u00e9rmico proporciona \u00e0 resist\u00eancia maior defesa \u00e0 corros\u00e3o provocada pelas subst\u00e2ncias qu\u00edmicas contidas na \u00e1gua.<\/p>\n<p>Maior seguran\u00e7a. Compatibilidade com Dispositivo DR. Devido a sua construtividade e alto grau de isola\u00e7\u00e3o el\u00e9trica, as Duchas Florenza s\u00e3o compat\u00edveis com o Dispositivo DR.<\/p>\n<p>Este produto tem seu desempenho aprovado pelo INMETRO e est\u00e1 em conformidade com o Programa Brasileiro de Etiquetagem &#8211; PBE.<\/p>\n<p>Descri\u00e7\u00e3o:<br \/>\nMarca: Cardal<br \/>\nModelo: Ducha Florenza (AQ-047\/1)<br \/>\nPot\u00eancia: 5.500W<br \/>\nTens\u00e3o: 110V<br \/>\nCor: Cromada<br \/>\nTipo de Ducha: Multitemperatura \/ Multidirecional<br \/>\nN\u00famero de temperaturas: 4<\/p>\n<p>Informa\u00e7\u00f5es t\u00e9cnicas:<br \/>\nFia\u00e7\u00e3o M\u00ednima: 6mm\u00b2<br \/>\nDisjuntor: 40 A<br \/>\nPress\u00e3o m\u00ednima de funcionamento: 7 kPa (0,7 m.c.a)<br \/>\nPress\u00e3o m\u00e1xima de funcionamento: 400 kPa (40 m.c.a)<\/p>\n<p>Itens inclusos:<br \/>\n1 Ducha Florenza C\/desviador CR Cardal 220v 7800w AQ047\/1;<br \/>\n1 Mangueira;<br \/>\n1 Ducha Manual;<br \/>\n1 Dispositivo redutor;<br \/>\n2 Conectores el\u00e9tricos;<br \/>\n1 Suporte para Ducha Manual;<br \/>\n2 Parafusos com buchas pl\u00e1sticas;<br \/>\n1 Manual de Instru\u00e7\u00f5es;<\/p>\n<p>ATEN\u00c7\u00c3O<br \/>\nEnviado com Nota Fiscal.<\/p>\n<p>SOMOS ASSIST\u00caNCIA T\u00c9CNICA AUTORIZADA CARDAL.<\/p>","protected":false},"excerpt":{"rendered":"<p>DUCHA FLORENZA C\/DESVIADOR CR 110V 5500W CARDAL AQ047\/1 H\u00e1 tempos o banho com \u00e1gua quente deixou de ser simplesmente uma forma de higieniza\u00e7\u00e3o pessoal e passou a ser uma formid\u00e1vel fonte de prazer, aliviando o estresse e proporcionando uma melhor qualidade de vida. Uma das formas mais indicadas de banho \u00e9 com a \u00e1gua morna. [&hellip;]<\/p>","protected":false},"featured_media":933,"comment_status":"open","ping_status":"closed","template":"","meta":[],"product_brand":[],"product_cat":[24],"product_tag":[],"class_list":{"0":"post-890","1":"product","2":"type-product","3":"status-publish","4":"has-post-thumbnail","6":"product_cat-duchas-chuveiros","8":"first","9":"instock","10":"shipping-taxable","11":"purchasable","12":"product-type-simple"},"_links":{"self":[{"href":"https:\/\/www.acquavici.com.br\/en\/wp-json\/wp\/v2\/product\/890","targetHints":{"allow":["GET"]}}],"collection":[{"href":"https:\/\/www.acquavici.com.br\/en\/wp-json\/wp\/v2\/product"}],"about":[{"href":"https:\/\/www.acquavici.com.br\/en\/wp-json\/wp\/v2\/types\/product"}],"replies":[{"embeddable":true,"href":"https:\/\/www.acquavici.com.br\/en\/wp-json\/wp\/v2\/comments?post=890"}],"wp:featuredmedia":[{"embeddable":true,"href":"https:\/\/www.acquavici.com.br\/en\/wp-json\/wp\/v2\/media\/933"}],"wp:attachment":[{"href":"https:\/\/www.acquavici.com.br\/en\/wp-json\/wp\/v2\/media?parent=890"}],"wp:term":[{"taxonomy":"product_brand","embeddable":true,"href":"https:\/\/www.acquavici.com.br\/en\/wp-json\/wp\/v2\/product_brand?post=890"},{"taxonomy":"product_cat","embeddable":true,"href":"https:\/\/www.acquavici.com.br\/en\/wp-json\/wp\/v2\/product_cat?post=890"},{"taxonomy":"product_tag","embeddable":true,"href":"https:\/\/www.acquavici.com.br\/en\/wp-json\/wp\/v2\/product_tag?post=890"}],"curies":[{"name":"wp","href":"https:\/\/api.w.org\/{rel}","templated":true}]}}