{"id":896,"date":"2024-04-17T10:53:43","date_gmt":"2024-04-17T13:53:43","guid":{"rendered":"https:\/\/www.acquavici.com.br\/?post_type=product&#038;p=896"},"modified":"2025-08-13T14:43:15","modified_gmt":"2025-08-13T17:43:15","slug":"gaxeta-roscada-para-aquecedor-cardal-pr031","status":"publish","type":"product","link":"https:\/\/www.acquavici.com.br\/en\/gaxeta-roscada-para-aquecedor-cardal-pr031\/","title":{"rendered":"Gaxeta Roscada para Aquecedor Cardal PR031"},"content":{"rendered":"<p>Descri\u00e7\u00e3o:<br \/>\nRef: PR031<br \/>\nFabricante: Cardal<\/p>\n<p>Para Aquecedores Cardal:<br \/>\nCentral 4T, 3T e Eletr\u00f4nico<br \/>\nDucha Eletr\u00f4nica<br \/>\nIndividual 4T<br \/>\nAquecedores Hidro Antigo<\/p>\n<p>Itens inclusos:<br \/>\n1 Gaxeta Roscada para Aquecedor Cardal PR031;<\/p>\n<p>ATEN\u00c7\u00c3O<br \/>\nEnviado com Nota Fiscal.<\/p>\n<p>SOMOS ASSIST\u00caNCIA T\u00c9CNICA AUTORIZADA CARDAL.<\/p>","protected":false},"excerpt":{"rendered":"<p>Descri\u00e7\u00e3o: Ref: PR031 Fabricante: Cardal Para Aquecedores Cardal: Central 4T, 3T e Eletr\u00f4nico Ducha Eletr\u00f4nica Individual 4T Aquecedores Hidro Antigo Itens inclusos: 1 Gaxeta Roscada para Aquecedor Cardal PR031; ATEN\u00c7\u00c3O Enviado com Nota Fiscal. SOMOS ASSIST\u00caNCIA T\u00c9CNICA AUTORIZADA CARDAL.<\/p>","protected":false},"featured_media":941,"comment_status":"open","ping_status":"closed","template":"","meta":[],"product_brand":[],"product_cat":[17],"product_tag":[],"class_list":{"0":"post-896","1":"product","2":"type-product","3":"status-publish","4":"has-post-thumbnail","6":"product_cat-pecas-em-geral","8":"first","9":"instock","10":"shipping-taxable","11":"purchasable","12":"product-type-simple"},"_links":{"self":[{"href":"https:\/\/www.acquavici.com.br\/en\/wp-json\/wp\/v2\/product\/896","targetHints":{"allow":["GET"]}}],"collection":[{"href":"https:\/\/www.acquavici.com.br\/en\/wp-json\/wp\/v2\/product"}],"about":[{"href":"https:\/\/www.acquavici.com.br\/en\/wp-json\/wp\/v2\/types\/product"}],"replies":[{"embeddable":true,"href":"https:\/\/www.acquavici.com.br\/en\/wp-json\/wp\/v2\/comments?post=896"}],"wp:featuredmedia":[{"embeddable":true,"href":"https:\/\/www.acquavici.com.br\/en\/wp-json\/wp\/v2\/media\/941"}],"wp:attachment":[{"href":"https:\/\/www.acquavici.com.br\/en\/wp-json\/wp\/v2\/media?parent=896"}],"wp:term":[{"taxonomy":"product_brand","embeddable":true,"href":"https:\/\/www.acquavici.com.br\/en\/wp-json\/wp\/v2\/product_brand?post=896"},{"taxonomy":"product_cat","embeddable":true,"href":"https:\/\/www.acquavici.com.br\/en\/wp-json\/wp\/v2\/product_cat?post=896"},{"taxonomy":"product_tag","embeddable":true,"href":"https:\/\/www.acquavici.com.br\/en\/wp-json\/wp\/v2\/product_tag?post=896"}],"curies":[{"name":"wp","href":"https:\/\/api.w.org\/{rel}","templated":true}]}}