{"id":897,"date":"2024-04-17T10:53:43","date_gmt":"2024-04-17T13:53:43","guid":{"rendered":"https:\/\/www.acquavici.com.br\/?post_type=product&#038;p=897"},"modified":"2024-04-17T10:53:58","modified_gmt":"2024-04-17T13:53:58","slug":"sistema-de-contato-movel-para-aquecedor-cardal-ps375","status":"publish","type":"product","link":"https:\/\/www.acquavici.com.br\/en\/sistema-de-contato-movel-para-aquecedor-cardal-ps375\/","title":{"rendered":"Sistema de Contato M\u00f3vel para Aquecedor Cardal PS375"},"content":{"rendered":"<p>Sistema de Contato M\u00f3vel para Aquecedor Cardal &#8211; Ps375<\/p>\n<p>Descri\u00e7\u00e3o:<br \/>\nRef.: Ps375<br \/>\nFabricante: Cardal<\/p>\n<p>para Aquecedores Cardal<\/p>\n<p>Itens inclusos:<br \/>\n1 Sistema de Contato M\u00f3vel para Aquecedor Cardal PS375;<\/p>\n<p>ATEN\u00c7\u00c3O<br \/>\nEnviado com Nota Fiscal<\/p>\n<p>SOMOS ASSIST\u00caNCIA T\u00c9CNICA AUTORIZADA CARDAL.<\/p>","protected":false},"excerpt":{"rendered":"<p>Sistema de Contato M\u00f3vel para Aquecedor Cardal &#8211; Ps375 Descri\u00e7\u00e3o: Ref.: Ps375 Fabricante: Cardal para Aquecedores Cardal Itens inclusos: 1 Sistema de Contato M\u00f3vel para Aquecedor Cardal PS375; ATEN\u00c7\u00c3O Enviado com Nota Fiscal SOMOS ASSIST\u00caNCIA T\u00c9CNICA AUTORIZADA CARDAL.<\/p>","protected":false},"featured_media":944,"comment_status":"open","ping_status":"closed","template":"","meta":[],"product_brand":[],"product_cat":[17],"product_tag":[],"class_list":{"0":"post-897","1":"product","2":"type-product","3":"status-publish","4":"has-post-thumbnail","6":"product_cat-pecas-em-geral","8":"first","9":"instock","10":"shipping-taxable","11":"purchasable","12":"product-type-simple"},"_links":{"self":[{"href":"https:\/\/www.acquavici.com.br\/en\/wp-json\/wp\/v2\/product\/897","targetHints":{"allow":["GET"]}}],"collection":[{"href":"https:\/\/www.acquavici.com.br\/en\/wp-json\/wp\/v2\/product"}],"about":[{"href":"https:\/\/www.acquavici.com.br\/en\/wp-json\/wp\/v2\/types\/product"}],"replies":[{"embeddable":true,"href":"https:\/\/www.acquavici.com.br\/en\/wp-json\/wp\/v2\/comments?post=897"}],"wp:featuredmedia":[{"embeddable":true,"href":"https:\/\/www.acquavici.com.br\/en\/wp-json\/wp\/v2\/media\/944"}],"wp:attachment":[{"href":"https:\/\/www.acquavici.com.br\/en\/wp-json\/wp\/v2\/media?parent=897"}],"wp:term":[{"taxonomy":"product_brand","embeddable":true,"href":"https:\/\/www.acquavici.com.br\/en\/wp-json\/wp\/v2\/product_brand?post=897"},{"taxonomy":"product_cat","embeddable":true,"href":"https:\/\/www.acquavici.com.br\/en\/wp-json\/wp\/v2\/product_cat?post=897"},{"taxonomy":"product_tag","embeddable":true,"href":"https:\/\/www.acquavici.com.br\/en\/wp-json\/wp\/v2\/product_tag?post=897"}],"curies":[{"name":"wp","href":"https:\/\/api.w.org\/{rel}","templated":true}]}}