{"id":898,"date":"2024-04-17T10:53:43","date_gmt":"2024-04-17T13:53:43","guid":{"rendered":"https:\/\/www.acquavici.com.br\/?post_type=product&#038;p=898"},"modified":"2024-04-17T10:53:59","modified_gmt":"2024-04-17T13:53:59","slug":"pistao-de-borracha-nitrilica-c-lona-cardal-pr981","status":"publish","type":"product","link":"https:\/\/www.acquavici.com.br\/en\/pistao-de-borracha-nitrilica-c-lona-cardal-pr981\/","title":{"rendered":"Pist\u00e3o De Borracha Nitr\u00edlica C\/ Lona Cardal &#8211; PR981"},"content":{"rendered":"<p>Pist\u00e3o De Borracha Nitr\u00edlica C\/ Lona para Aquecedores e Duchas Cardal &#8211; PR981<\/p>\n<p>Ref.: PR981<br \/>\nFabricante: Cardal<\/p>\n<p>Modelos Compativeis:<br \/>\nTodos Aquecedores centrais antigos da Cardal ( os de embutir na parede )<br \/>\nDucha 4T ( com resist\u00eancia encapsulada )<br \/>\nIndividual<br \/>\nDucha Eletr\u00f4nica Blindada<\/p>\n<p>Especifica\u00e7\u00f5es T\u00e9cnicas:<br \/>\nDi\u00e2metro Furo Interno: 16 mm<br \/>\nDi\u00e2metro Externo: 85 mm<\/p>\n<p>tens inclusos:<br \/>\n1 Pist\u00e3o De Borracha Nitr\u00edlica C\/ Lona Cardal PR981;<\/p>\n<p>ATEN\u00c7\u00c3O<br \/>\nEnviado com Nota Fiscal.<\/p>\n<p>SOMOS ASSIST\u00caNCIA T\u00c9CNICA AUTORIZADA CARDAL.<\/p>","protected":false},"excerpt":{"rendered":"<p>Pist\u00e3o De Borracha Nitr\u00edlica C\/ Lona para Aquecedores e Duchas Cardal &#8211; PR981 Ref.: PR981 Fabricante: Cardal Modelos Compativeis: Todos Aquecedores centrais antigos da Cardal ( os de embutir na parede ) Ducha 4T ( com resist\u00eancia encapsulada ) Individual Ducha Eletr\u00f4nica Blindada Especifica\u00e7\u00f5es T\u00e9cnicas: Di\u00e2metro Furo Interno: 16 mm Di\u00e2metro Externo: 85 mm tens [&hellip;]<\/p>","protected":false},"featured_media":945,"comment_status":"open","ping_status":"closed","template":"","meta":[],"product_brand":[],"product_cat":[21],"product_tag":[],"class_list":{"0":"post-898","1":"product","2":"type-product","3":"status-publish","4":"has-post-thumbnail","6":"product_cat-aquecedor-eletrico","8":"first","9":"instock","10":"shipping-taxable","11":"purchasable","12":"product-type-simple"},"_links":{"self":[{"href":"https:\/\/www.acquavici.com.br\/en\/wp-json\/wp\/v2\/product\/898","targetHints":{"allow":["GET"]}}],"collection":[{"href":"https:\/\/www.acquavici.com.br\/en\/wp-json\/wp\/v2\/product"}],"about":[{"href":"https:\/\/www.acquavici.com.br\/en\/wp-json\/wp\/v2\/types\/product"}],"replies":[{"embeddable":true,"href":"https:\/\/www.acquavici.com.br\/en\/wp-json\/wp\/v2\/comments?post=898"}],"wp:featuredmedia":[{"embeddable":true,"href":"https:\/\/www.acquavici.com.br\/en\/wp-json\/wp\/v2\/media\/945"}],"wp:attachment":[{"href":"https:\/\/www.acquavici.com.br\/en\/wp-json\/wp\/v2\/media?parent=898"}],"wp:term":[{"taxonomy":"product_brand","embeddable":true,"href":"https:\/\/www.acquavici.com.br\/en\/wp-json\/wp\/v2\/product_brand?post=898"},{"taxonomy":"product_cat","embeddable":true,"href":"https:\/\/www.acquavici.com.br\/en\/wp-json\/wp\/v2\/product_cat?post=898"},{"taxonomy":"product_tag","embeddable":true,"href":"https:\/\/www.acquavici.com.br\/en\/wp-json\/wp\/v2\/product_tag?post=898"}],"curies":[{"name":"wp","href":"https:\/\/api.w.org\/{rel}","templated":true}]}}