{"id":904,"date":"2024-04-17T10:53:43","date_gmt":"2024-04-17T13:53:43","guid":{"rendered":"https:\/\/www.acquavici.com.br\/?post_type=product&#038;p=904"},"modified":"2024-04-17T10:54:01","modified_gmt":"2024-04-17T13:54:01","slug":"ducha-classica-br-cardal-7-800w-220v-aq094-2","status":"publish","type":"product","link":"https:\/\/www.acquavici.com.br\/en\/ducha-classica-br-cardal-7-800w-220v-aq094-2\/","title":{"rendered":"Ducha Classica BR Cardal 7.800w 220v AQ094\/2"},"content":{"rendered":"<p>Ducha Classica BR Cardal 7.800w 220v AQ094\/2<\/p>\n<p>4 Temperaturas;<br \/>\nDesign diferenciado com curvas harmonizadas. Beleza, estilo e sofistica\u00e7\u00e3o no banheiro;<br \/>\nFabricada em liga met\u00e1lica anti-corrosiva com nobre acabamento cromado e tamb\u00e9m na vers\u00e3o branca com detalhes cromados Maior Durabilidade e brilho ao produto e mais beleza ao ambiente;<br \/>\nCriteriosamente elaborada para obter maior efici\u00eancia. \u00c1gua mais quente para atenuar o cansa\u00e7o do dia-a-dia, tornando o banho mais confort\u00e1vel, principalmente em dias frios;<br \/>\n4 op\u00e7\u00f5es de temperaturas. A solu\u00e7\u00e3o para economizar energia e \u00e1gua no banho. Com as op\u00e7\u00f5es: Frio; Morno; Quente e Super Quente \u00e9 poss\u00edvel atingir a temperatura ideal de banho e ainda diminuir o consumo de energia el\u00e9trica e \u00e1gua;<br \/>\nResist\u00eancia de aquecimento anti-choque na exclusiva vers\u00e3o Encapsulada, totalmente desenvolvida pela Cardal. Maior garantia de seguran\u00e7a no banho;<br \/>\nResist\u00eancia com tratamento t\u00e9rmico. Maior durabilidade. O tratamento t\u00e9rmico proporciona \u00e0 resist\u00eancia maior defesa \u00e0 corros\u00e3o provocada pelas subst\u00e2ncias qu\u00edmicas contidas na \u00e1gua;<br \/>\nJato de \u00e1gua multidirecional. Possibilita direcionar o jato de \u00e1gua como desejar. Com o jato de \u00e1gua multidirecional, \u00e9 poss\u00edvel direcionar o jato para a parte desejada do corpo, sem molhar os cabelos;<br \/>\nF\u00e1cil instala\u00e7\u00e3o. Conex\u00e3o direta ao ponto de sa\u00edda de \u00e1gua da parede, dispensando o cano (bra\u00e7o) de interliga\u00e7\u00e3o. A Ducha 5 Compacta dispensa este acess\u00f3rio, obrigat\u00f3rio na maioria das duchas e chuveiros el\u00e9tricos;<br \/>\nCompat\u00edvel no uso com sistemas de aquecimento solar. Proporciona economia de \u00e1gua e energia em dias nublados, possibilitando o desligamento permanente do sistema auxiliar el\u00e9trico do aquecedor central;<br \/>\nMaior seguran\u00e7a. Compatibilidade no funcionamento com interruptor diferencial residual de alta sensibilidade (Dispositivo DR &#8211; IDN\u00a3 0,03);<br \/>\nEste produto tem seu desempenho aprovado pelo INMETRO e est\u00e1 em conformidade com o Programa Brasileiro de Etiquetagem &#8211; PBE;<\/p>\n<p>Descri\u00e7\u00e3o:<br \/>\nMarca: Cardal<br \/>\nModelo: Ducha Cl\u00e1ssica (AQ094\/2)<br \/>\nPot\u00eancia: 7.800W<br \/>\nTens\u00e3o: 220V<br \/>\nCor: Branca<br \/>\nTipo de Ducha: Multitemperatura \/ Multidirecional<br \/>\nTipo de resist\u00eancia: Encapsulada<br \/>\nN\u00famero de temperaturas: 4<br \/>\nSem ducha manual<\/p>\n<p>Informa\u00e7\u00f5es t\u00e9cnicas:<br \/>\nFia\u00e7\u00e3o M\u00ednima: 6mm\u00b2 (220V)<br \/>\nDisjuntor: 40 A (220V)<br \/>\nPress\u00e3o m\u00ednima de funcionamento:\u00a0 15 kPa (1,5 m.c.a) (220V)<br \/>\nPress\u00e3o m\u00e1xima de funcionamento: 400 kPa (40 m.c.a)<\/p>\n<p>Itens inclusos:<br \/>\n01 Ducha;<br \/>\n01 Canopla de acabamento;<br \/>\n01 Dispositivo redutor;<br \/>\n01 Compensador com anel de borracha;<br \/>\n01 Corpo do crivo;<br \/>\n02 Arruelas de borracha;<br \/>\n01 Manual de Instru\u00e7\u00f5es;<\/p>\n<p>ATEN\u00c7\u00c3O<br \/>\nEnviado com Nota Fiscal.<\/p>\n<p>SOMOS ASSIST\u00caNCIA T\u00c9CNICA AUTORIZADA CARDAL.<\/p>","protected":false},"excerpt":{"rendered":"<p>Ducha Classica BR Cardal 7.800w 220v AQ094\/2 4 Temperaturas; Design diferenciado com curvas harmonizadas. Beleza, estilo e sofistica\u00e7\u00e3o no banheiro; Fabricada em liga met\u00e1lica anti-corrosiva com nobre acabamento cromado e tamb\u00e9m na vers\u00e3o branca com detalhes cromados Maior Durabilidade e brilho ao produto e mais beleza ao ambiente; Criteriosamente elaborada para obter maior efici\u00eancia. \u00c1gua [&hellip;]<\/p>","protected":false},"featured_media":954,"comment_status":"open","ping_status":"closed","template":"","meta":[],"product_brand":[],"product_cat":[24],"product_tag":[],"class_list":{"0":"post-904","1":"product","2":"type-product","3":"status-publish","4":"has-post-thumbnail","6":"product_cat-duchas-chuveiros","8":"first","9":"instock","10":"shipping-taxable","11":"purchasable","12":"product-type-simple"},"_links":{"self":[{"href":"https:\/\/www.acquavici.com.br\/en\/wp-json\/wp\/v2\/product\/904","targetHints":{"allow":["GET"]}}],"collection":[{"href":"https:\/\/www.acquavici.com.br\/en\/wp-json\/wp\/v2\/product"}],"about":[{"href":"https:\/\/www.acquavici.com.br\/en\/wp-json\/wp\/v2\/types\/product"}],"replies":[{"embeddable":true,"href":"https:\/\/www.acquavici.com.br\/en\/wp-json\/wp\/v2\/comments?post=904"}],"wp:featuredmedia":[{"embeddable":true,"href":"https:\/\/www.acquavici.com.br\/en\/wp-json\/wp\/v2\/media\/954"}],"wp:attachment":[{"href":"https:\/\/www.acquavici.com.br\/en\/wp-json\/wp\/v2\/media?parent=904"}],"wp:term":[{"taxonomy":"product_brand","embeddable":true,"href":"https:\/\/www.acquavici.com.br\/en\/wp-json\/wp\/v2\/product_brand?post=904"},{"taxonomy":"product_cat","embeddable":true,"href":"https:\/\/www.acquavici.com.br\/en\/wp-json\/wp\/v2\/product_cat?post=904"},{"taxonomy":"product_tag","embeddable":true,"href":"https:\/\/www.acquavici.com.br\/en\/wp-json\/wp\/v2\/product_tag?post=904"}],"curies":[{"name":"wp","href":"https:\/\/api.w.org\/{rel}","templated":true}]}}