{"id":906,"date":"2024-04-17T10:53:43","date_gmt":"2024-04-17T13:53:43","guid":{"rendered":"https:\/\/www.acquavici.com.br\/?post_type=product&#038;p=906"},"modified":"2025-08-14T11:38:07","modified_gmt":"2025-08-14T14:38:07","slug":"ducha-luxo-5-temperaturas-c-desviador-cr-cardal-5500w-110v-aq066-1","status":"publish","type":"product","link":"https:\/\/www.acquavici.com.br\/en\/ducha-luxo-5-temperaturas-c-desviador-cr-cardal-5500w-110v-aq066-1\/","title":{"rendered":"Ducha Luxo 5 Temperaturas C\/Desviador CR Cardal 5500w 110v AQ066\/1"},"content":{"rendered":"<p>Ducha Luxo 5 Temperaturas C\/Desviador CR Cardal 5500w 110v AQ066\/1<\/p>\n<p>H\u00e1 tempos o banho com \u00e1gua quente deixou de ser simplesmente uma forma de higieniza\u00e7\u00e3o pessoal e passou a ser uma formid\u00e1vel fonte de prazer, aliviando o estresse e proporcionando uma melhor qualidade de vida.<\/p>\n<p>As DUCHAS ELETR\u00d4NICAS LUXO se destacam pelo seu estilo moderno, trazendo como resultado o conforto de banhos relaxantes, com efici\u00eancia, economia e seguran\u00e7a.<\/p>\n<p>Descri\u00e7\u00e3o:<br \/>\nMarca: Cardal<br \/>\nModelo: Ducha 5 Luxo<br \/>\nC\u00f3digo: AQ-066\/1<br \/>\nCor: Cromada<\/p>\n<p>Caracter\u00edsticas:<br \/>\nPot\u00eancia: 5.500w<br \/>\nTens\u00e3o: 110V<br \/>\nCor: Cromada<br \/>\nTipo de aquecedor: Multitemperatura \/ Multidirecional<br \/>\nN\u00famero de temperaturas: 5<br \/>\nTipo de resist\u00eancia: Encapsulada<br \/>\nCom ducha manual<\/p>\n<p>Informa\u00e7\u00f5es t\u00e9cnicas:<br \/>\nFia\u00e7\u00e3o M\u00ednima: 6 mm\u00b2<br \/>\nDisjuntor: 40 A<br \/>\nPress\u00e3o m\u00ednima: 20 kPa (2 m.c.a.)<br \/>\nPress\u00e3o m\u00e1xima: 400 kPa (40 m.c.a.)<\/p>\n<p>Itens inclusos:<br \/>\n01 Ducha;<br \/>\n01 Canopla de acabamento;<br \/>\n01 Dispositivo redutor;<br \/>\n01 Compensador desviador com anel de borracha;<br \/>\n01 Corpo do crivo;<br \/>\n02 Arruelas de borracha;<br \/>\n01 Mangueira;<br \/>\n01 Ducha manual;<br \/>\n01 Suporte da Ducha manual;<br \/>\n01 Suporte da mangueira;<br \/>\n03 Parafusos com buchas pl\u00e1sticas;<br \/>\n01 Manual de Instru\u00e7\u00f5es;<\/p>\n<p>ATEN\u00c7\u00c3O<br \/>\nEnviado com Nota Fiscal.<\/p>\n<p>SOMOS ASSIST\u00caNCIA T\u00c9CNICA AUTORIZADA CARDAL.<\/p>","protected":false},"excerpt":{"rendered":"<p>Ducha Luxo 5 Temperaturas C\/Desviador CR Cardal 5500w 110v AQ066\/1 H\u00e1 tempos o banho com \u00e1gua quente deixou de ser simplesmente uma forma de higieniza\u00e7\u00e3o pessoal e passou a ser uma formid\u00e1vel fonte de prazer, aliviando o estresse e proporcionando uma melhor qualidade de vida. As DUCHAS ELETR\u00d4NICAS LUXO se destacam pelo seu estilo moderno, [&hellip;]<\/p>","protected":false},"featured_media":956,"comment_status":"open","ping_status":"closed","template":"","meta":[],"product_brand":[],"product_cat":[24],"product_tag":[],"class_list":{"0":"post-906","1":"product","2":"type-product","3":"status-publish","4":"has-post-thumbnail","6":"product_cat-duchas-chuveiros","8":"first","9":"instock","10":"shipping-taxable","11":"purchasable","12":"product-type-simple"},"_links":{"self":[{"href":"https:\/\/www.acquavici.com.br\/en\/wp-json\/wp\/v2\/product\/906","targetHints":{"allow":["GET"]}}],"collection":[{"href":"https:\/\/www.acquavici.com.br\/en\/wp-json\/wp\/v2\/product"}],"about":[{"href":"https:\/\/www.acquavici.com.br\/en\/wp-json\/wp\/v2\/types\/product"}],"replies":[{"embeddable":true,"href":"https:\/\/www.acquavici.com.br\/en\/wp-json\/wp\/v2\/comments?post=906"}],"wp:featuredmedia":[{"embeddable":true,"href":"https:\/\/www.acquavici.com.br\/en\/wp-json\/wp\/v2\/media\/956"}],"wp:attachment":[{"href":"https:\/\/www.acquavici.com.br\/en\/wp-json\/wp\/v2\/media?parent=906"}],"wp:term":[{"taxonomy":"product_brand","embeddable":true,"href":"https:\/\/www.acquavici.com.br\/en\/wp-json\/wp\/v2\/product_brand?post=906"},{"taxonomy":"product_cat","embeddable":true,"href":"https:\/\/www.acquavici.com.br\/en\/wp-json\/wp\/v2\/product_cat?post=906"},{"taxonomy":"product_tag","embeddable":true,"href":"https:\/\/www.acquavici.com.br\/en\/wp-json\/wp\/v2\/product_tag?post=906"}],"curies":[{"name":"wp","href":"https:\/\/api.w.org\/{rel}","templated":true}]}}