{"id":967,"date":"2024-04-17T10:54:05","date_gmt":"2024-04-17T13:54:05","guid":{"rendered":"https:\/\/www.acquavici.com.br\/?post_type=product&#038;p=967"},"modified":"2025-07-17T13:43:15","modified_gmt":"2025-07-17T16:43:15","slug":"ducha-5-standard-br-cardal-7800w-220v-aq065-2","status":"publish","type":"product","link":"https:\/\/www.acquavici.com.br\/en\/ducha-5-standard-br-cardal-7800w-220v-aq065-2\/","title":{"rendered":"Ducha 5 Standard BR Cardal 7800w 220v AQ065\/2"},"content":{"rendered":"<p>Descri\u00e7\u00e3o:<br \/>\nDucha El\u00e9trica 5 Standard &#8211; tem um design diferenciado com curvas harmonizadas beleza, estilo e sofistica\u00e7\u00e3o no banheiro, f\u00e1bricada em liga met\u00e1lica anti-corrosiva com nobre acabamento branco e detalhes cromados com maior durabilidade e brilho ao produto e mais beleza ao ambiente. Criteriosamente elaborada para obter maior efici\u00eancia. \u00c1gua mais quente para atenuar o cansa\u00e7o do dia-a-dia, tornando o banho mais confort\u00e1vel, principalmente em dias frios, a solu\u00e7\u00e3o para economizar energia e \u00e1gua no banho com 5 op\u00e7\u00f5es de temperatura: Frio; Morno; Quente; Mais Quente e Super Quente \u00e9 poss\u00edvel atingir a temperatura ideal de banho e ainda diminuir o consumo de energia el\u00e9trica e \u00e1gua. F\u00e1cil instala\u00e7\u00e3o com conex\u00e3o direta ao ponto de sa\u00edda de \u00e1gua da parede, dispensando o cano (bra\u00e7o) de interliga\u00e7\u00e3o.<\/p>\n<p>Dados T\u00e9cnicos:<br \/>\nResist\u00eancia de aquecimento &#8211; anti-choque na exclusiva vers\u00e3o Encapsulada, totalmente desenvolvida pela Cardal, maior garantia de seguran\u00e7a no banho;<br \/>\nResist\u00eancia com tratamento t\u00e9rmico &#8211; maior durabilidade com tratamento t\u00e9rmico proporciona \u00e0 resist\u00eancia maior defesa \u00e0 corros\u00e3o provocada pelas subst\u00e2ncias qu\u00edmicas contidas na \u00e1gua;<br \/>\nDesviador total &#8211; o Desviador \u00e9 um dispositivo de bloqueio autom\u00e1tico que permite o fluxo de \u00e1gua somente no chuveirinho, quando desejado.Impede a sa\u00edda simult\u00e2nea de \u00e1gua pelo crivo principal e Ducha manual;<br \/>\nJato de \u00e1gua multidirecional &#8211; possibilita direcionar o jato de \u00e1gua como desejar com o jato de \u00e1gua multidirecional, \u00e9 poss\u00edvel direcionar o jato para a parte desejada do corpo, sem molhar os cabelos;<br \/>\nCompat\u00edvel no uso com sistemas de aquecimento solar &#8211; proporciona economia de \u00e1gua e energia em dias nublados, possibilitando o desligamento permanente do sistema auxiliar el\u00e9trico do aquecedor central;<br \/>\nCompatibilidade com Dispositivo DR &#8211; maior seguran\u00e7a, devido a sua construtividade e alto grau de isola\u00e7\u00e3o el\u00e9trica, a Ducha 5 Standard \u00e9 compat\u00edvel com o Dispositivo DR;<br \/>\nComposi\u00e7\u00e3o B\u00e1sica &#8211; liga de cobre, liga de a\u00e7o, cobre, prata, n\u00edquel, cromo, alum\u00ednio, elast\u00f4meros, termofixos e termopl\u00e1sticos;<br \/>\nA Ducha 5 Standard dispensa este acess\u00f3rio, obrigat\u00f3rio na maioria das duchas e chuveiros el\u00e9tricos;<\/p>\n<p>Especifica\u00e7\u00f5es:<br \/>\nModelo &#8211; Ducha El\u00e9trica 5 Standard<br \/>\nVoltagem &#8211; 127 volts &#8211; 5500 watts \/ 220 volts &#8211; 7800 watts<br \/>\nC\u00f3digo &#8211; AQ065\/2<br \/>\nTens\u00e3o Nominal (Volts~) 127 220<br \/>\nPot\u00eancia Nominal (Watts) 0 (Frio) Desligado<br \/>\n1 (Morno) 1300 1500<br \/>\n2 (Quente) 2200 2400<br \/>\n3 (Mais Quente) 3300 4100<br \/>\n4 (Super Quente) 5500 6500<br \/>\nCorrente Nominal (Amp\u00e8re) 43,3 29,5<br \/>\nFia\u00e7\u00e3o M\u00ednima At\u00e9 30m 10 mm2 6 mm2<br \/>\nAcima de 30m 16 mm2 10 mm2<br \/>\nDisjuntor Amp\u00e8re 50 35<br \/>\nResistividade da \u00e1gua Ohm x cm (M\u00edn.) 1300 1300<br \/>\nGrau de Prote\u00e7\u00e3o do Inv\u00f3lucro IP24 IP24<br \/>\nPress\u00e3o de Funcionamento (M\u00edn.) \u00e0 3l\/min. 25 kPa (2,5 m c.a.) 20 kPa (2,0 m c.a.)<br \/>\nPress\u00e3o Est\u00e1tica da Instala\u00e7\u00e3o (M\u00e1x.) 400 kPa (40 m c.a) 400 kPa (40 m c.a)<br \/>\nConex\u00f5es El\u00e9tricas &#8211; alimenta\u00e7\u00e3o El\u00e9trica: cabo vermelho e cabo azul, aterramento El\u00e9trico: cabo verde.<br \/>\nConex\u00f5es Hidr\u00e1ulicas &#8211; entrada de \u00e1gua: rosca macho \u00bd\u201d BSP.<br \/>\nUso &#8211; casas t\u00e9rreas, sobrados, apartamentos, academias etc.<br \/>\nNormaliza\u00e7\u00e3o e Avalia\u00e7\u00e3o da Conformidade &#8211; produto aprovado pelo INMETRO e conforme com o Programa Brasileiro de Etiquetagem &#8211; PBE.<br \/>\nObserva\u00e7\u00f5es &#8211; BR &#8211; Branco, pot\u00eancia econ\u00f4mica, conforme NBR6146, m c.a \u2013 metro de coluna de \u00e1gua.<\/p>\n<p>Itens inclusos:<br \/>\n01 Ducha 5 Standard BR Cardal 7800w 220v AQ065\/2;<br \/>\n01 Ducha Manual;<br \/>\n01 Suporte para Ducha Manual;<br \/>\n01 Mangueira Flex\u00edvel;<br \/>\n01Suporte para Mangueira;<br \/>\n01 Dispositivo Economizador de \u00c1gua;<br \/>\n01 Manual de Instru\u00e7\u00f5es;<\/p>\n<p>ATEN\u00c7\u00c3O<\/p>\n<p>Enviado com Nota Fiscal.<\/p>\n<p>SOMOS ASSIST\u00caNCIA T\u00c9CNICA AUTORIZADA CARDAL.<\/p>","protected":false},"excerpt":{"rendered":"<p>Descri\u00e7\u00e3o: Ducha El\u00e9trica 5 Standard &#8211; tem um design diferenciado com curvas harmonizadas beleza, estilo e sofistica\u00e7\u00e3o no banheiro, f\u00e1bricada em liga met\u00e1lica anti-corrosiva com nobre acabamento branco e detalhes cromados com maior durabilidade e brilho ao produto e mais beleza ao ambiente. Criteriosamente elaborada para obter maior efici\u00eancia. \u00c1gua mais quente para atenuar o [&hellip;]<\/p>","protected":false},"featured_media":997,"comment_status":"open","ping_status":"closed","template":"","meta":[],"product_brand":[],"product_cat":[24],"product_tag":[],"class_list":{"0":"post-967","1":"product","2":"type-product","3":"status-publish","4":"has-post-thumbnail","6":"product_cat-duchas-chuveiros","8":"first","9":"instock","10":"shipping-taxable","11":"purchasable","12":"product-type-simple"},"_links":{"self":[{"href":"https:\/\/www.acquavici.com.br\/en\/wp-json\/wp\/v2\/product\/967","targetHints":{"allow":["GET"]}}],"collection":[{"href":"https:\/\/www.acquavici.com.br\/en\/wp-json\/wp\/v2\/product"}],"about":[{"href":"https:\/\/www.acquavici.com.br\/en\/wp-json\/wp\/v2\/types\/product"}],"replies":[{"embeddable":true,"href":"https:\/\/www.acquavici.com.br\/en\/wp-json\/wp\/v2\/comments?post=967"}],"wp:featuredmedia":[{"embeddable":true,"href":"https:\/\/www.acquavici.com.br\/en\/wp-json\/wp\/v2\/media\/997"}],"wp:attachment":[{"href":"https:\/\/www.acquavici.com.br\/en\/wp-json\/wp\/v2\/media?parent=967"}],"wp:term":[{"taxonomy":"product_brand","embeddable":true,"href":"https:\/\/www.acquavici.com.br\/en\/wp-json\/wp\/v2\/product_brand?post=967"},{"taxonomy":"product_cat","embeddable":true,"href":"https:\/\/www.acquavici.com.br\/en\/wp-json\/wp\/v2\/product_cat?post=967"},{"taxonomy":"product_tag","embeddable":true,"href":"https:\/\/www.acquavici.com.br\/en\/wp-json\/wp\/v2\/product_tag?post=967"}],"curies":[{"name":"wp","href":"https:\/\/api.w.org\/{rel}","templated":true}]}}