{"id":969,"date":"2024-04-17T10:54:05","date_gmt":"2024-04-17T13:54:05","guid":{"rendered":"https:\/\/www.acquavici.com.br\/?post_type=product&#038;p=969"},"modified":"2025-08-14T10:42:27","modified_gmt":"2025-08-14T13:42:27","slug":"motor-de-ventilador-parede-e-coluna-ventisol-bivolt-200w","status":"publish","type":"product","link":"https:\/\/www.acquavici.com.br\/en\/motor-de-ventilador-parede-e-coluna-ventisol-bivolt-200w\/","title":{"rendered":"Motor de Ventilador Parede e Coluna Ventisol Bivolt 200w"},"content":{"rendered":"<p>Motor de Ventilador Parede e Coluna Ventisol Bivolt 200w<br \/>\nC\u00f3digos do Fabricante Ventisol: PI-5385sc<br \/>\nMarca: Ventisol<br \/>\nProced\u00eancia: Original &#8211; Comprado Diretamente com a Ventisol<br \/>\nProduto de Aplica\u00e7\u00e3o: Ventilador<\/p>\n<p>Compat\u00edvel com os Modelos de Ventiladores:<br \/>\n6161 &#8211; VENTILADOR OSC PAREDE STELL 50CM CH HH<br \/>\n6262 &#8211; VENTILADOR OSC COLUNA STELL 50CM CH HH<br \/>\n92.50.604 &#8211; VENT OSC PAREDE 60CM PRETO GR PRETO 127V<br \/>\n92.50.605 &#8211; VENT OSC PAREDE 60CM PRETO GR PRETO 220V<br \/>\n92.50.609 &#8211; VENT OSC PAREDE 60CM PRETO GR CROMA CH HH<br \/>\n92.50.610 &#8211; VENT OSC PAREDE 60CM PRETO GR CROMA 127V<br \/>\n92.50.611 &#8211; VENT OSC PAREDE 60CM PRETO GR CROMA 220V<\/p>\n<p>Itens inclusos:<br \/>\n1 Motor de Ventilador Parede e Coluna Ventisol Bivolt 200w;<\/p>\n<p>ATEN\u00c7\u00c3O<br \/>\nEnviado com Nota Fiscal.<\/p>\n<p>SOMOS ASSIST\u00caNCIA T\u00c9CNICA AUTORIZADA VENTISOL.<\/p>","protected":false},"excerpt":{"rendered":"<p>Motor de Ventilador Parede e Coluna Ventisol Bivolt 200w C\u00f3digos do Fabricante Ventisol: PI-5385sc Marca: Ventisol Proced\u00eancia: Original &#8211; Comprado Diretamente com a Ventisol Produto de Aplica\u00e7\u00e3o: Ventilador Compat\u00edvel com os Modelos de Ventiladores: 6161 &#8211; VENTILADOR OSC PAREDE STELL 50CM CH HH 6262 &#8211; VENTILADOR OSC COLUNA STELL 50CM CH HH 92.50.604 &#8211; VENT [&hellip;]<\/p>","protected":false},"featured_media":1967,"comment_status":"open","ping_status":"closed","template":"","meta":[],"product_brand":[],"product_cat":[20],"product_tag":[],"class_list":{"0":"post-969","1":"product","2":"type-product","3":"status-publish","4":"has-post-thumbnail","6":"product_cat-ventilador-de-teto","8":"first","9":"instock","10":"shipping-taxable","11":"purchasable","12":"product-type-simple"},"_links":{"self":[{"href":"https:\/\/www.acquavici.com.br\/en\/wp-json\/wp\/v2\/product\/969","targetHints":{"allow":["GET"]}}],"collection":[{"href":"https:\/\/www.acquavici.com.br\/en\/wp-json\/wp\/v2\/product"}],"about":[{"href":"https:\/\/www.acquavici.com.br\/en\/wp-json\/wp\/v2\/types\/product"}],"replies":[{"embeddable":true,"href":"https:\/\/www.acquavici.com.br\/en\/wp-json\/wp\/v2\/comments?post=969"}],"wp:featuredmedia":[{"embeddable":true,"href":"https:\/\/www.acquavici.com.br\/en\/wp-json\/wp\/v2\/media\/1967"}],"wp:attachment":[{"href":"https:\/\/www.acquavici.com.br\/en\/wp-json\/wp\/v2\/media?parent=969"}],"wp:term":[{"taxonomy":"product_brand","embeddable":true,"href":"https:\/\/www.acquavici.com.br\/en\/wp-json\/wp\/v2\/product_brand?post=969"},{"taxonomy":"product_cat","embeddable":true,"href":"https:\/\/www.acquavici.com.br\/en\/wp-json\/wp\/v2\/product_cat?post=969"},{"taxonomy":"product_tag","embeddable":true,"href":"https:\/\/www.acquavici.com.br\/en\/wp-json\/wp\/v2\/product_tag?post=969"}],"curies":[{"name":"wp","href":"https:\/\/api.w.org\/{rel}","templated":true}]}}