{"id":973,"date":"2024-04-17T10:54:06","date_gmt":"2024-04-17T13:54:06","guid":{"rendered":"https:\/\/www.acquavici.com.br\/?post_type=product&#038;p=973"},"modified":"2024-04-17T10:54:28","modified_gmt":"2024-04-17T13:54:28","slug":"globo-lustre-para-ventilador-de-teto-aires-lumiar-ventisol","status":"publish","type":"product","link":"https:\/\/www.acquavici.com.br\/en\/globo-lustre-para-ventilador-de-teto-aires-lumiar-ventisol\/","title":{"rendered":"Globo Lustre para Ventilador De Teto Aires Lumiar Ventisol"},"content":{"rendered":"<p>Globo Lustre para o plafon do Ventilador de Teto Aires \/ Lumiar da Ventisol<\/p>\n<p>Serve para os modelos: Aires e Lumiar da Ventisol<br \/>\nGlobo pl\u00e1stico<br \/>\nDi\u00e2metro: 21cm<br \/>\nN\u00e3o acompanha o suporte do Globo.<\/p>\n<p>Itens inclusos:<br \/>\n1 Globo Lustre para Ventilador De Teto Aires Lumiar Ventisol;<\/p>\n<p>ATEN\u00c7\u00c3O<br \/>\nEnviado com Nota Fiscal.<\/p>\n<p>SOMOS ASSIST\u00caNCIA T\u00c9CNICA AUTORIZADA VENTISOL.<\/p>","protected":false},"excerpt":{"rendered":"<p>Globo Lustre para o plafon do Ventilador de Teto Aires \/ Lumiar da Ventisol Serve para os modelos: Aires e Lumiar da Ventisol Globo pl\u00e1stico Di\u00e2metro: 21cm N\u00e3o acompanha o suporte do Globo. Itens inclusos: 1 Globo Lustre para Ventilador De Teto Aires Lumiar Ventisol; ATEN\u00c7\u00c3O Enviado com Nota Fiscal. SOMOS ASSIST\u00caNCIA T\u00c9CNICA AUTORIZADA VENTISOL.<\/p>","protected":false},"featured_media":1015,"comment_status":"open","ping_status":"closed","template":"","meta":[],"product_brand":[],"product_cat":[20],"product_tag":[],"class_list":{"0":"post-973","1":"product","2":"type-product","3":"status-publish","4":"has-post-thumbnail","6":"product_cat-ventilador-de-teto","8":"first","9":"instock","10":"shipping-taxable","11":"purchasable","12":"product-type-simple"},"_links":{"self":[{"href":"https:\/\/www.acquavici.com.br\/en\/wp-json\/wp\/v2\/product\/973","targetHints":{"allow":["GET"]}}],"collection":[{"href":"https:\/\/www.acquavici.com.br\/en\/wp-json\/wp\/v2\/product"}],"about":[{"href":"https:\/\/www.acquavici.com.br\/en\/wp-json\/wp\/v2\/types\/product"}],"replies":[{"embeddable":true,"href":"https:\/\/www.acquavici.com.br\/en\/wp-json\/wp\/v2\/comments?post=973"}],"wp:featuredmedia":[{"embeddable":true,"href":"https:\/\/www.acquavici.com.br\/en\/wp-json\/wp\/v2\/media\/1015"}],"wp:attachment":[{"href":"https:\/\/www.acquavici.com.br\/en\/wp-json\/wp\/v2\/media?parent=973"}],"wp:term":[{"taxonomy":"product_brand","embeddable":true,"href":"https:\/\/www.acquavici.com.br\/en\/wp-json\/wp\/v2\/product_brand?post=973"},{"taxonomy":"product_cat","embeddable":true,"href":"https:\/\/www.acquavici.com.br\/en\/wp-json\/wp\/v2\/product_cat?post=973"},{"taxonomy":"product_tag","embeddable":true,"href":"https:\/\/www.acquavici.com.br\/en\/wp-json\/wp\/v2\/product_tag?post=973"}],"curies":[{"name":"wp","href":"https:\/\/api.w.org\/{rel}","templated":true}]}}