{"id":974,"date":"2024-04-17T10:54:06","date_gmt":"2024-04-17T13:54:06","guid":{"rendered":"https:\/\/www.acquavici.com.br\/?post_type=product&#038;p=974"},"modified":"2026-03-03T14:28:08","modified_gmt":"2026-03-03T17:28:08","slug":"jogo-helice-3-pas-p-ventilador-teto-wind-transparente-ventisol","status":"publish","type":"product","link":"https:\/\/www.acquavici.com.br\/en\/jogo-helice-3-pas-p-ventilador-teto-wind-transparente-ventisol\/","title":{"rendered":"Jogo H\u00e9lice 3 P\u00e1s P\/Ventilador Teto Wind Transparente Ventisol"},"content":{"rendered":"<p>Jogo H\u00e9lice 3 P\u00e1s P\/Ventilador Teto Wind Transparente Ventisol<\/p>\n<p>Esse modelo de p\u00e1s em acr\u00edlico com alta durabilidade, com a fura\u00e7\u00e3o Ventisol pronta para instalar!<\/p>\n<p>Descri\u00e7\u00e3o:<br \/>\nFura\u00e7\u00e3o: 3 Furos<br \/>\nCor: Transparente<br \/>\nMaterial: Acr\u00edlico<br \/>\nComprimento das p\u00e1s: 37cm<br \/>\nLargura: 12cm<br \/>\nPeso: 400g<\/p>\n<p>&#8211; Esse modelo de p\u00e1s serve para qualquer motor e modelo do ventilador ventisol.<br \/>\n&#8211; N\u00e3o acompanha garras e parafusos.<\/p>\n<p>Itens inclusos:<br \/>\n1 Jogo H\u00e9lice 3 P\u00e1s P\/Ventilador Teto Wind Transparente Ventisol<\/p>\n<p>ATEN\u00c7\u00c3O<br \/>\nEnviado com Nota Fiscal.<\/p>\n<p>SOMOS ASSIST\u00caNCIA T\u00c9CNICA AUTORIZADA VENTISOL.<\/p>","protected":false},"excerpt":{"rendered":"<p>Jogo H\u00e9lice 3 P\u00e1s P\/Ventilador Teto Wind Transparente Ventisol Esse modelo de p\u00e1s em acr\u00edlico com alta durabilidade, com a fura\u00e7\u00e3o Ventisol pronta para instalar! Descri\u00e7\u00e3o: Fura\u00e7\u00e3o: 3 Furos Cor: Transparente Material: Acr\u00edlico Comprimento das p\u00e1s: 37cm Largura: 12cm Peso: 400g &#8211; Esse modelo de p\u00e1s serve para qualquer motor e modelo do ventilador ventisol. [&hellip;]<\/p>","protected":false},"featured_media":1031,"comment_status":"open","ping_status":"closed","template":"","meta":[],"product_brand":[],"product_cat":[20],"product_tag":[],"class_list":{"0":"post-974","1":"product","2":"type-product","3":"status-publish","4":"has-post-thumbnail","6":"product_cat-ventilador-de-teto","8":"first","9":"instock","10":"shipping-taxable","11":"purchasable","12":"product-type-simple"},"_links":{"self":[{"href":"https:\/\/www.acquavici.com.br\/en\/wp-json\/wp\/v2\/product\/974","targetHints":{"allow":["GET"]}}],"collection":[{"href":"https:\/\/www.acquavici.com.br\/en\/wp-json\/wp\/v2\/product"}],"about":[{"href":"https:\/\/www.acquavici.com.br\/en\/wp-json\/wp\/v2\/types\/product"}],"replies":[{"embeddable":true,"href":"https:\/\/www.acquavici.com.br\/en\/wp-json\/wp\/v2\/comments?post=974"}],"wp:featuredmedia":[{"embeddable":true,"href":"https:\/\/www.acquavici.com.br\/en\/wp-json\/wp\/v2\/media\/1031"}],"wp:attachment":[{"href":"https:\/\/www.acquavici.com.br\/en\/wp-json\/wp\/v2\/media?parent=974"}],"wp:term":[{"taxonomy":"product_brand","embeddable":true,"href":"https:\/\/www.acquavici.com.br\/en\/wp-json\/wp\/v2\/product_brand?post=974"},{"taxonomy":"product_cat","embeddable":true,"href":"https:\/\/www.acquavici.com.br\/en\/wp-json\/wp\/v2\/product_cat?post=974"},{"taxonomy":"product_tag","embeddable":true,"href":"https:\/\/www.acquavici.com.br\/en\/wp-json\/wp\/v2\/product_tag?post=974"}],"curies":[{"name":"wp","href":"https:\/\/api.w.org\/{rel}","templated":true}]}}