{"id":977,"date":"2024-04-17T10:54:06","date_gmt":"2024-04-17T13:54:06","guid":{"rendered":"https:\/\/www.acquavici.com.br\/?post_type=product&#038;p=977"},"modified":"2025-08-18T08:36:04","modified_gmt":"2025-08-18T11:36:04","slug":"resistencia-para-torneira-prima-touch-zagonel-110v-5500w","status":"publish","type":"product","link":"https:\/\/www.acquavici.com.br\/en\/resistencia-para-torneira-prima-touch-zagonel-110v-5500w\/","title":{"rendered":"RESISTENCIA TORNEIRA PRIMA TOUCH 127V 5.500W ZAGONEL"},"content":{"rendered":"<div class=\"sc-fqkvVR clbOvz sc-QKHsU fljhLw\" data-testid=\"product-detail\">\n<p>Esta resist\u00eancia Zagonel \u00e9 de alta performance, longa dura\u00e7\u00e3o, segura e econ\u00f4mica, trazendo seguran\u00e7a no momento da substitui\u00e7\u00e3o e conforto na hora da utiliza\u00e7\u00e3o. Modelo feito diretamente como pe\u00e7a de reposi\u00e7\u00e3o para o modelo Torneira Prima Touch Zagonel. Por ser eletr\u00f4nica, possui ajuste de temperatura progressiva, ou seja, o pr\u00f3prio usu\u00e1rio escolhe a temperatura que mais for confort\u00e1vel na hora do uso.<\/p>\n<p>Itens inclusos:<br \/>\n1 Resist\u00eancia;<br \/>\n1 Manual de Instru\u00e7\u00f5es;<\/p>\n<p>ATEN\u00c7\u00c3O<br \/>\nEnviado com Nota Fiscal<\/p>\n<p>SOMOS ASSIST\u00caNCIA T\u00c9CNICA AUTORIZADA ZAGONEL.<\/p>\n<\/div>","protected":false},"excerpt":{"rendered":"<p>Esta resist\u00eancia Zagonel \u00e9 de alta performance, longa dura\u00e7\u00e3o, segura e econ\u00f4mica, trazendo seguran\u00e7a no momento da substitui\u00e7\u00e3o e conforto na hora da utiliza\u00e7\u00e3o. Modelo feito diretamente como pe\u00e7a de reposi\u00e7\u00e3o para o modelo Torneira Prima Touch Zagonel. Por ser eletr\u00f4nica, possui ajuste de temperatura progressiva, ou seja, o pr\u00f3prio usu\u00e1rio escolhe a temperatura que [&hellip;]<\/p>","protected":false},"featured_media":475,"comment_status":"open","ping_status":"closed","template":"","meta":[],"product_brand":[],"product_cat":[19],"product_tag":[],"class_list":{"0":"post-977","1":"product","2":"type-product","3":"status-publish","4":"has-post-thumbnail","6":"product_cat-torneiras","8":"first","9":"instock","10":"shipping-taxable","11":"purchasable","12":"product-type-simple"},"_links":{"self":[{"href":"https:\/\/www.acquavici.com.br\/en\/wp-json\/wp\/v2\/product\/977","targetHints":{"allow":["GET"]}}],"collection":[{"href":"https:\/\/www.acquavici.com.br\/en\/wp-json\/wp\/v2\/product"}],"about":[{"href":"https:\/\/www.acquavici.com.br\/en\/wp-json\/wp\/v2\/types\/product"}],"replies":[{"embeddable":true,"href":"https:\/\/www.acquavici.com.br\/en\/wp-json\/wp\/v2\/comments?post=977"}],"wp:featuredmedia":[{"embeddable":true,"href":"https:\/\/www.acquavici.com.br\/en\/wp-json\/wp\/v2\/media\/475"}],"wp:attachment":[{"href":"https:\/\/www.acquavici.com.br\/en\/wp-json\/wp\/v2\/media?parent=977"}],"wp:term":[{"taxonomy":"product_brand","embeddable":true,"href":"https:\/\/www.acquavici.com.br\/en\/wp-json\/wp\/v2\/product_brand?post=977"},{"taxonomy":"product_cat","embeddable":true,"href":"https:\/\/www.acquavici.com.br\/en\/wp-json\/wp\/v2\/product_cat?post=977"},{"taxonomy":"product_tag","embeddable":true,"href":"https:\/\/www.acquavici.com.br\/en\/wp-json\/wp\/v2\/product_tag?post=977"}],"curies":[{"name":"wp","href":"https:\/\/api.w.org\/{rel}","templated":true}]}}