{"id":979,"date":"2024-04-17T10:54:07","date_gmt":"2024-04-17T13:54:07","guid":{"rendered":"https:\/\/www.acquavici.com.br\/?post_type=product&#038;p=979"},"modified":"2024-07-10T14:24:14","modified_gmt":"2024-07-10T17:24:14","slug":"resistencia-p-ducha-move-sublime-beauty-shower-110v-5500w","status":"publish","type":"product","link":"https:\/\/www.acquavici.com.br\/en\/resistencia-p-ducha-move-sublime-beauty-shower-110v-5500w\/","title":{"rendered":"RESIST\u00caNCIA DUCHA MOVE, SUBLIME, BEAUTY SHOWER 127V 5500W ZAGONEL"},"content":{"rendered":"<p>Como elas s\u00e3o eletr\u00f4nicas, possuem ajuste de temperatura progressiva, ou seja, o pr\u00f3prio usu\u00e1rio escolhe a temperatura que mais for confort\u00e1vel.<br \/>\nEla \u00e9 dur\u00e1vel, segura e econ\u00f4mica, trazendo seguran\u00e7a no momento da substitui\u00e7\u00e3o e conforto na hora da utiliza\u00e7\u00e3o.<\/p>\n<p>Resist\u00eancia para modelos de duchas:<br \/>\nDucha Move.<br \/>\nDucha Sublime.<br \/>\nDucha Beauty Shower.<\/p>\n<p>Itens inclusos:<br \/>\n1 Resist\u00eancia;<br \/>\n1 Manual de Instru\u00e7\u00f5es;<\/p>\n<p>ATEN\u00c7\u00c3O<br \/>\nEnviado com Nota Fiscal<\/p>\n<p>SOMOS ASSIST\u00caNCIA T\u00c9CNICA AUTORIZADA ZAGONEL.<\/p>","protected":false},"excerpt":{"rendered":"<p>Como elas s\u00e3o eletr\u00f4nicas, possuem ajuste de temperatura progressiva, ou seja, o pr\u00f3prio usu\u00e1rio escolhe a temperatura que mais for confort\u00e1vel. Ela \u00e9 dur\u00e1vel, segura e econ\u00f4mica, trazendo seguran\u00e7a no momento da substitui\u00e7\u00e3o e conforto na hora da utiliza\u00e7\u00e3o. Resist\u00eancia para modelos de duchas: Ducha Move. Ducha Sublime. Ducha Beauty Shower. Itens inclusos: 1 Resist\u00eancia; [&hellip;]<\/p>","protected":false},"featured_media":1045,"comment_status":"open","ping_status":"closed","template":"","meta":[],"product_brand":[],"product_cat":[24],"product_tag":[],"class_list":{"0":"post-979","1":"product","2":"type-product","3":"status-publish","4":"has-post-thumbnail","6":"product_cat-duchas-chuveiros","8":"first","9":"instock","10":"shipping-taxable","11":"purchasable","12":"product-type-simple"},"_links":{"self":[{"href":"https:\/\/www.acquavici.com.br\/en\/wp-json\/wp\/v2\/product\/979","targetHints":{"allow":["GET"]}}],"collection":[{"href":"https:\/\/www.acquavici.com.br\/en\/wp-json\/wp\/v2\/product"}],"about":[{"href":"https:\/\/www.acquavici.com.br\/en\/wp-json\/wp\/v2\/types\/product"}],"replies":[{"embeddable":true,"href":"https:\/\/www.acquavici.com.br\/en\/wp-json\/wp\/v2\/comments?post=979"}],"wp:featuredmedia":[{"embeddable":true,"href":"https:\/\/www.acquavici.com.br\/en\/wp-json\/wp\/v2\/media\/1045"}],"wp:attachment":[{"href":"https:\/\/www.acquavici.com.br\/en\/wp-json\/wp\/v2\/media?parent=979"}],"wp:term":[{"taxonomy":"product_brand","embeddable":true,"href":"https:\/\/www.acquavici.com.br\/en\/wp-json\/wp\/v2\/product_brand?post=979"},{"taxonomy":"product_cat","embeddable":true,"href":"https:\/\/www.acquavici.com.br\/en\/wp-json\/wp\/v2\/product_cat?post=979"},{"taxonomy":"product_tag","embeddable":true,"href":"https:\/\/www.acquavici.com.br\/en\/wp-json\/wp\/v2\/product_tag?post=979"}],"curies":[{"name":"wp","href":"https:\/\/api.w.org\/{rel}","templated":true}]}}