{"id":983,"date":"2024-04-17T10:54:07","date_gmt":"2024-04-17T13:54:07","guid":{"rendered":"https:\/\/www.acquavici.com.br\/?post_type=product&#038;p=983"},"modified":"2024-05-28T11:51:41","modified_gmt":"2024-05-28T14:51:41","slug":"desviador-compensador-para-ducha-eletrica-cardal-branco-pr518","status":"publish","type":"product","link":"https:\/\/www.acquavici.com.br\/en\/desviador-compensador-para-ducha-eletrica-cardal-branco-pr518\/","title":{"rendered":"Desviador Compensador Para Ducha El\u00e9trica Cardal Branco PR518"},"content":{"rendered":"<p>Desviador Compensador para Ducha Luxo, Cl\u00e1ssica Cardal<\/p>\n<p>Marca: Cardal<br \/>\nC\u00f3d: PR518<br \/>\nCor: Branco<\/p>\n<p>Pe\u00e7a Respons\u00e1vel por Desviar o Fluxo de Agua da Ducha Superior para Ducha Manual.<\/p>\n<p>Itens inclusos:<br \/>\n1 Desviador Branco Para Duchas Cardal &#8211; Pr518<br \/>\n1 Manual de Instru\u00e7\u00f5es;<\/p>\n<p>ATEN\u00c7\u00c3O<br \/>\nEnviado com Nota Fiscal.<\/p>\n<p>SOMOS ASSIST\u00caNCIA T\u00c9CNICA AUTORIZADA CARDAL.<\/p>","protected":false},"excerpt":{"rendered":"<p>Desviador Compensador para Ducha Luxo, Cl\u00e1ssica Cardal Marca: Cardal C\u00f3d: PR518 Cor: Branco Pe\u00e7a Respons\u00e1vel por Desviar o Fluxo de Agua da Ducha Superior para Ducha Manual. Itens inclusos: 1 Desviador Branco Para Duchas Cardal &#8211; Pr518 1 Manual de Instru\u00e7\u00f5es; ATEN\u00c7\u00c3O Enviado com Nota Fiscal. SOMOS ASSIST\u00caNCIA T\u00c9CNICA AUTORIZADA CARDAL.<\/p>","protected":false},"featured_media":1051,"comment_status":"open","ping_status":"closed","template":"","meta":[],"product_brand":[],"product_cat":[17],"product_tag":[],"class_list":{"0":"post-983","1":"product","2":"type-product","3":"status-publish","4":"has-post-thumbnail","6":"product_cat-pecas-em-geral","8":"first","9":"instock","10":"shipping-taxable","11":"purchasable","12":"product-type-simple"},"_links":{"self":[{"href":"https:\/\/www.acquavici.com.br\/en\/wp-json\/wp\/v2\/product\/983","targetHints":{"allow":["GET"]}}],"collection":[{"href":"https:\/\/www.acquavici.com.br\/en\/wp-json\/wp\/v2\/product"}],"about":[{"href":"https:\/\/www.acquavici.com.br\/en\/wp-json\/wp\/v2\/types\/product"}],"replies":[{"embeddable":true,"href":"https:\/\/www.acquavici.com.br\/en\/wp-json\/wp\/v2\/comments?post=983"}],"wp:featuredmedia":[{"embeddable":true,"href":"https:\/\/www.acquavici.com.br\/en\/wp-json\/wp\/v2\/media\/1051"}],"wp:attachment":[{"href":"https:\/\/www.acquavici.com.br\/en\/wp-json\/wp\/v2\/media?parent=983"}],"wp:term":[{"taxonomy":"product_brand","embeddable":true,"href":"https:\/\/www.acquavici.com.br\/en\/wp-json\/wp\/v2\/product_brand?post=983"},{"taxonomy":"product_cat","embeddable":true,"href":"https:\/\/www.acquavici.com.br\/en\/wp-json\/wp\/v2\/product_cat?post=983"},{"taxonomy":"product_tag","embeddable":true,"href":"https:\/\/www.acquavici.com.br\/en\/wp-json\/wp\/v2\/product_tag?post=983"}],"curies":[{"name":"wp","href":"https:\/\/api.w.org\/{rel}","templated":true}]}}