{"id":984,"date":"2024-04-17T10:54:07","date_gmt":"2024-04-17T13:54:07","guid":{"rendered":"https:\/\/www.acquavici.com.br\/?post_type=product&#038;p=984"},"modified":"2024-10-16T12:48:55","modified_gmt":"2024-10-16T15:48:55","slug":"mangueira-plastica-cardal-branca-c-luvas-cr-17m-1-2-pr511","status":"publish","type":"product","link":"https:\/\/www.acquavici.com.br\/en\/mangueira-plastica-cardal-branca-c-luvas-cr-17m-1-2-pr511\/","title":{"rendered":"Mangueira Pl\u00e1stica Cardal Branca C\/ Luvas Cr 1,7m 1\/2 PR511"},"content":{"rendered":"<p>Mangueira Pl\u00e1stica Cardal Branca C\/ Luvas Cr 1,7m 1\/2 PR511<\/p>\n<p>Ref: PR511<br \/>\nFabricante: Cardal<br \/>\nCor: Branca<br \/>\nComprimento: 1,7 Metros<br \/>\nComposi\u00e7\u00e3o B\u00e1sica: LIGAS DE COBRE, N\u00cdQUEL, CROMO, ELAST\u00d4MEROS<br \/>\nACOMPANHA LUVAS<\/p>\n<p>Itens inclusos:<br \/>\n1 Mangueira Pl\u00e1stica Cardal Branca C\/ Luvas Cr 1,7m 1\/2 PR511;<\/p>\n<p>ATEN\u00c7\u00c3O<br \/>\nEnviado com Nota Fiscal.<\/p>\n<p>SOMOS ASSIST\u00caNCIA T\u00c9CNICA AUTORIZADA CARDAL.<\/p>","protected":false},"excerpt":{"rendered":"<p>Mangueira Pl\u00e1stica Cardal Branca C\/ Luvas Cr 1,7m 1\/2 PR511 Ref: PR511 Fabricante: Cardal Cor: Branca Comprimento: 1,7 Metros Composi\u00e7\u00e3o B\u00e1sica: LIGAS DE COBRE, N\u00cdQUEL, CROMO, ELAST\u00d4MEROS ACOMPANHA LUVAS Itens inclusos: 1 Mangueira Pl\u00e1stica Cardal Branca C\/ Luvas Cr 1,7m 1\/2 PR511; ATEN\u00c7\u00c3O Enviado com Nota Fiscal. SOMOS ASSIST\u00caNCIA T\u00c9CNICA AUTORIZADA CARDAL.<\/p>","protected":false},"featured_media":2301,"comment_status":"open","ping_status":"closed","template":"","meta":[],"product_brand":[],"product_cat":[17],"product_tag":[],"class_list":{"0":"post-984","1":"product","2":"type-product","3":"status-publish","4":"has-post-thumbnail","6":"product_cat-pecas-em-geral","8":"first","9":"instock","10":"shipping-taxable","11":"purchasable","12":"product-type-simple"},"_links":{"self":[{"href":"https:\/\/www.acquavici.com.br\/en\/wp-json\/wp\/v2\/product\/984","targetHints":{"allow":["GET"]}}],"collection":[{"href":"https:\/\/www.acquavici.com.br\/en\/wp-json\/wp\/v2\/product"}],"about":[{"href":"https:\/\/www.acquavici.com.br\/en\/wp-json\/wp\/v2\/types\/product"}],"replies":[{"embeddable":true,"href":"https:\/\/www.acquavici.com.br\/en\/wp-json\/wp\/v2\/comments?post=984"}],"wp:featuredmedia":[{"embeddable":true,"href":"https:\/\/www.acquavici.com.br\/en\/wp-json\/wp\/v2\/media\/2301"}],"wp:attachment":[{"href":"https:\/\/www.acquavici.com.br\/en\/wp-json\/wp\/v2\/media?parent=984"}],"wp:term":[{"taxonomy":"product_brand","embeddable":true,"href":"https:\/\/www.acquavici.com.br\/en\/wp-json\/wp\/v2\/product_brand?post=984"},{"taxonomy":"product_cat","embeddable":true,"href":"https:\/\/www.acquavici.com.br\/en\/wp-json\/wp\/v2\/product_cat?post=984"},{"taxonomy":"product_tag","embeddable":true,"href":"https:\/\/www.acquavici.com.br\/en\/wp-json\/wp\/v2\/product_tag?post=984"}],"curies":[{"name":"wp","href":"https:\/\/api.w.org\/{rel}","templated":true}]}}