{"id":985,"date":"2024-04-17T10:54:08","date_gmt":"2024-04-17T13:54:08","guid":{"rendered":"https:\/\/www.acquavici.com.br\/?post_type=product&#038;p=985"},"modified":"2025-08-18T11:03:47","modified_gmt":"2025-08-18T14:03:47","slug":"niple-engate-rosca-p-ducha-sublime-move-e-ducali-zagonel","status":"publish","type":"product","link":"https:\/\/www.acquavici.com.br\/en\/niple-engate-rosca-p-ducha-sublime-move-e-ducali-zagonel\/","title":{"rendered":"Niple Engate Rosca Ducha Sublime, Move e Ducali Zagonel"},"content":{"rendered":"<p>Niple Engate Rosca P\/ Ducha Sublime, Move e Ducali Zagonel<\/p>\n<p>F\u00e1cil instala\u00e7\u00e3o Al\u00e9m de suportar uma boa temperatura e press\u00e3o, o design tamb\u00e9m \u00e9 importante para garantir um ambiente moderno e confort\u00e1vel.<\/p>\n<p>Serve para entre outras:<br \/>\nDucha Move;<br \/>\nDucha Sublime;<br \/>\nDucha Ducali;<\/p>\n<p>POR SE TRATAR DE PE\u00c7A DE REPOSI\u00c7\u00c3O DESTINADA A ASSIST\u00caNCIA T\u00c9CNICA, A MESMA N\u00c3O ACOMPANHA EMBALAGEM COM DESCRI\u00c7\u00c3O E MANUAL DE INSTALA\u00c7\u00c3O.<\/p>\n<p>*****UTILIZE A CHAVE QUE ACOMPANHA A EMBALAGEM, GARANTINDO PERFEITO ENCAIXE*****<\/p>\n<p>Itens inclusos:<br \/>\n1 Niple Engate Rosca P\/ Ducha Sublime, Move e Ducali Zagonel;<br \/>\n1 Chave Niple;<\/p>\n<p>ATEN\u00c7\u00c3O<br \/>\nEnviado com Nota Fiscal.<\/p>\n<p>SOMOS ASSIST\u00caNCIA T\u00c9CNICA AUTORIZADA ZAGONEL.<\/p>","protected":false},"excerpt":{"rendered":"<p>Niple Engate Rosca P\/ Ducha Sublime, Move e Ducali Zagonel F\u00e1cil instala\u00e7\u00e3o Al\u00e9m de suportar uma boa temperatura e press\u00e3o, o design tamb\u00e9m \u00e9 importante para garantir um ambiente moderno e confort\u00e1vel. Serve para entre outras: Ducha Move; Ducha Sublime; Ducha Ducali; POR SE TRATAR DE PE\u00c7A DE REPOSI\u00c7\u00c3O DESTINADA A ASSIST\u00caNCIA T\u00c9CNICA, A MESMA [&hellip;]<\/p>","protected":false},"featured_media":1986,"comment_status":"open","ping_status":"closed","template":"","meta":[],"product_brand":[],"product_cat":[24],"product_tag":[],"class_list":{"0":"post-985","1":"product","2":"type-product","3":"status-publish","4":"has-post-thumbnail","6":"product_cat-duchas-chuveiros","8":"first","9":"instock","10":"shipping-taxable","11":"purchasable","12":"product-type-simple"},"_links":{"self":[{"href":"https:\/\/www.acquavici.com.br\/en\/wp-json\/wp\/v2\/product\/985","targetHints":{"allow":["GET"]}}],"collection":[{"href":"https:\/\/www.acquavici.com.br\/en\/wp-json\/wp\/v2\/product"}],"about":[{"href":"https:\/\/www.acquavici.com.br\/en\/wp-json\/wp\/v2\/types\/product"}],"replies":[{"embeddable":true,"href":"https:\/\/www.acquavici.com.br\/en\/wp-json\/wp\/v2\/comments?post=985"}],"wp:featuredmedia":[{"embeddable":true,"href":"https:\/\/www.acquavici.com.br\/en\/wp-json\/wp\/v2\/media\/1986"}],"wp:attachment":[{"href":"https:\/\/www.acquavici.com.br\/en\/wp-json\/wp\/v2\/media?parent=985"}],"wp:term":[{"taxonomy":"product_brand","embeddable":true,"href":"https:\/\/www.acquavici.com.br\/en\/wp-json\/wp\/v2\/product_brand?post=985"},{"taxonomy":"product_cat","embeddable":true,"href":"https:\/\/www.acquavici.com.br\/en\/wp-json\/wp\/v2\/product_cat?post=985"},{"taxonomy":"product_tag","embeddable":true,"href":"https:\/\/www.acquavici.com.br\/en\/wp-json\/wp\/v2\/product_tag?post=985"}],"curies":[{"name":"wp","href":"https:\/\/api.w.org\/{rel}","templated":true}]}}