{"id":987,"date":"2024-04-17T10:54:08","date_gmt":"2024-04-17T13:54:08","guid":{"rendered":"https:\/\/www.acquavici.com.br\/?post_type=product&#038;p=987"},"modified":"2024-07-10T13:28:47","modified_gmt":"2024-07-10T16:28:47","slug":"haste-vareta-para-duchas-sublime-e-move-branco-zagonel","status":"publish","type":"product","link":"https:\/\/www.acquavici.com.br\/en\/haste-vareta-para-duchas-sublime-e-move-branco-zagonel\/","title":{"rendered":"HASTE VARETA DUCHA SUBLIME, MOVE BRANCO ZAGONEL"},"content":{"rendered":"<p>Haste Vareta para Regulador de Temperatura para as Duchas Sublime e Move da Zagonel<\/p>\n<p>Marca: Zagonel<br \/>\nCor: Branco<br \/>\nComprimento Total = 28 Cm<\/p>\n<p>Compat\u00edvel com os modelos:<br \/>\nDucha Sublime<br \/>\nDucha Move<\/p>\n<p>POR SE TRATAR DE PE\u00c7A DE REPOSI\u00c7\u00c3O DESTINADA A ASSIST\u00caNCIA T\u00c9CNICA, A MESMA N\u00c3O ACOMPANHA EMBALAGEM COM DESCRI\u00c7\u00c3O E MANUAL DE INSTALA\u00c7\u00c3O.<\/p>\n<p>Itens inclusos:<br \/>\n1 Haste Vareta para Regulador de Temperatura para as Duchas Sublime e Move da Zagonel;<\/p>\n<p>ATEN\u00c7\u00c3O<br \/>\nEnviado com Nota Fiscal.<\/p>\n<p>SOMOS ASSIST\u00caNCIA T\u00c9CNICA AUTORIZADA ZAGONEL.<\/p>","protected":false},"excerpt":{"rendered":"<p>Haste Vareta para Regulador de Temperatura para as Duchas Sublime e Move da Zagonel Marca: Zagonel Cor: Branco Comprimento Total = 28 Cm Compat\u00edvel com os modelos: Ducha Sublime Ducha Move POR SE TRATAR DE PE\u00c7A DE REPOSI\u00c7\u00c3O DESTINADA A ASSIST\u00caNCIA T\u00c9CNICA, A MESMA N\u00c3O ACOMPANHA EMBALAGEM COM DESCRI\u00c7\u00c3O E MANUAL DE INSTALA\u00c7\u00c3O. Itens inclusos: [&hellip;]<\/p>","protected":false},"featured_media":1991,"comment_status":"open","ping_status":"closed","template":"","meta":[],"product_brand":[],"product_cat":[24],"product_tag":[],"class_list":{"0":"post-987","1":"product","2":"type-product","3":"status-publish","4":"has-post-thumbnail","6":"product_cat-duchas-chuveiros","8":"first","9":"instock","10":"shipping-taxable","11":"purchasable","12":"product-type-simple"},"_links":{"self":[{"href":"https:\/\/www.acquavici.com.br\/en\/wp-json\/wp\/v2\/product\/987","targetHints":{"allow":["GET"]}}],"collection":[{"href":"https:\/\/www.acquavici.com.br\/en\/wp-json\/wp\/v2\/product"}],"about":[{"href":"https:\/\/www.acquavici.com.br\/en\/wp-json\/wp\/v2\/types\/product"}],"replies":[{"embeddable":true,"href":"https:\/\/www.acquavici.com.br\/en\/wp-json\/wp\/v2\/comments?post=987"}],"wp:featuredmedia":[{"embeddable":true,"href":"https:\/\/www.acquavici.com.br\/en\/wp-json\/wp\/v2\/media\/1991"}],"wp:attachment":[{"href":"https:\/\/www.acquavici.com.br\/en\/wp-json\/wp\/v2\/media?parent=987"}],"wp:term":[{"taxonomy":"product_brand","embeddable":true,"href":"https:\/\/www.acquavici.com.br\/en\/wp-json\/wp\/v2\/product_brand?post=987"},{"taxonomy":"product_cat","embeddable":true,"href":"https:\/\/www.acquavici.com.br\/en\/wp-json\/wp\/v2\/product_cat?post=987"},{"taxonomy":"product_tag","embeddable":true,"href":"https:\/\/www.acquavici.com.br\/en\/wp-json\/wp\/v2\/product_tag?post=987"}],"curies":[{"name":"wp","href":"https:\/\/api.w.org\/{rel}","templated":true}]}}