{"id":989,"date":"2024-04-17T10:54:08","date_gmt":"2024-04-17T13:54:08","guid":{"rendered":"https:\/\/www.acquavici.com.br\/?post_type=product&#038;p=989"},"modified":"2024-07-10T13:36:10","modified_gmt":"2024-07-10T16:36:10","slug":"kit-chuveirinho-com-mangueira-2m-preto-zagonel","status":"publish","type":"product","link":"https:\/\/www.acquavici.com.br\/en\/kit-chuveirinho-com-mangueira-2m-preto-zagonel\/","title":{"rendered":"KIT CHUVEIRINHO C\/MANGUEIRA 2M BLACK ZAGONEL"},"content":{"rendered":"<p>Al\u00e9m de deixar o seu banheiro mais completo, o chuveirinho \u00e9 um acess\u00f3rio que permite desviar o curso da \u00e1gua nos chuveiros ou nas duchas, fazendo com que ela possa ser utilizada manualmente. Por isso, se voc\u00ea procura por mais praticidade na hora de tomar o seu banho, precisa conhecer o chuveirinho da Zagonel.<\/p>\n<p>Marca: Zagonel<br \/>\nCor: Preto<\/p>\n<p>POR SE TRATAR DE PE\u00c7A DE REPOSI\u00c7\u00c3O DESTINADA A ASSIST\u00caNCIA T\u00c9CNICA, A MESMA N\u00c3O ACOMPANHA EMBALAGEM COM DESCRI\u00c7\u00c3O E MANUAL DE INSTALA\u00c7\u00c3O.<\/p>\n<p>Itens inclusos:<br \/>\n1 KIT CHUVEIRINHO C\/MANGUEIRA 2M BLACK ZAGONEL;<br \/>\n1 Mangueira de 2 metros;<br \/>\n1 Kit Instala\u00e7\u00e3o (1 Suporte, 1 Parafuso e 1 Bucha);<\/p>\n<p>ATEN\u00c7\u00c3O<br \/>\nEnviado com Nota Fiscal.<\/p>\n<p>SOMOS ASSIST\u00caNCIA T\u00c9CNICA AUTORIZADA ZAGONEL.<\/p>","protected":false},"excerpt":{"rendered":"<p>Al\u00e9m de deixar o seu banheiro mais completo, o chuveirinho \u00e9 um acess\u00f3rio que permite desviar o curso da \u00e1gua nos chuveiros ou nas duchas, fazendo com que ela possa ser utilizada manualmente. Por isso, se voc\u00ea procura por mais praticidade na hora de tomar o seu banho, precisa conhecer o chuveirinho da Zagonel. Marca: [&hellip;]<\/p>","protected":false},"featured_media":2001,"comment_status":"open","ping_status":"closed","template":"","meta":[],"product_brand":[],"product_cat":[24],"product_tag":[],"class_list":{"0":"post-989","1":"product","2":"type-product","3":"status-publish","4":"has-post-thumbnail","6":"product_cat-duchas-chuveiros","8":"first","9":"instock","10":"shipping-taxable","11":"purchasable","12":"product-type-simple"},"_links":{"self":[{"href":"https:\/\/www.acquavici.com.br\/en\/wp-json\/wp\/v2\/product\/989","targetHints":{"allow":["GET"]}}],"collection":[{"href":"https:\/\/www.acquavici.com.br\/en\/wp-json\/wp\/v2\/product"}],"about":[{"href":"https:\/\/www.acquavici.com.br\/en\/wp-json\/wp\/v2\/types\/product"}],"replies":[{"embeddable":true,"href":"https:\/\/www.acquavici.com.br\/en\/wp-json\/wp\/v2\/comments?post=989"}],"wp:featuredmedia":[{"embeddable":true,"href":"https:\/\/www.acquavici.com.br\/en\/wp-json\/wp\/v2\/media\/2001"}],"wp:attachment":[{"href":"https:\/\/www.acquavici.com.br\/en\/wp-json\/wp\/v2\/media?parent=989"}],"wp:term":[{"taxonomy":"product_brand","embeddable":true,"href":"https:\/\/www.acquavici.com.br\/en\/wp-json\/wp\/v2\/product_brand?post=989"},{"taxonomy":"product_cat","embeddable":true,"href":"https:\/\/www.acquavici.com.br\/en\/wp-json\/wp\/v2\/product_cat?post=989"},{"taxonomy":"product_tag","embeddable":true,"href":"https:\/\/www.acquavici.com.br\/en\/wp-json\/wp\/v2\/product_tag?post=989"}],"curies":[{"name":"wp","href":"https:\/\/api.w.org\/{rel}","templated":true}]}}