{"id":990,"date":"2024-04-17T10:54:08","date_gmt":"2024-04-17T13:54:08","guid":{"rendered":"https:\/\/www.acquavici.com.br\/?post_type=product&#038;p=990"},"modified":"2024-04-17T10:55:02","modified_gmt":"2024-04-17T13:55:02","slug":"ducha-potenza-pressurizada-c-desviador-8t-br-cardal-220v-7800w-aq030-2","status":"publish","type":"product","link":"https:\/\/www.acquavici.com.br\/en\/ducha-potenza-pressurizada-c-desviador-8t-br-cardal-220v-7800w-aq030-2\/","title":{"rendered":"Ducha Potenza Pressurizada C\/ Desviador 8T BR Cardal 220v 7800w AQ030\/2"},"content":{"rendered":"<p>Ducha Potenza Pressurizada C\/ Desviador 8T BR Cardal 220v 7800w AQ030\/2<\/p>\n<p>A Ducha Pressurizada Potenza da Cardal \u00e9 uma ducha para ser instalada necessariamente em paredes. Acompanhando um desviador em sua estrutura f\u00edsica, garante maior facilidade de uso e conforto, tornando o banho uma atividade mais prazerosa.<\/p>\n<p>O desviador presente no corpo da ducha \u00e9 um mecanismo que controla o direcionamento integral da \u00e1gua, possibilitando assim a troca da sa\u00edda de acordo com a vontade do usu\u00e1rio, demonstrando a enorme versatilidade presente na ducha Cardal.<\/p>\n<p>Sem d\u00favida, o desviador \u00e9 a vantagem mais em destaque na pe\u00e7a, permitindo alterar o fluxo de \u00e1gua entre a boca presa na parede e a boca menor, com uma mangueira m\u00f3vel. Caracter\u00edstica qual viabiliza a higieniza\u00e7\u00e3o mais profunda e localizada, por ser manualmente direcionada.<\/p>\n<p>Acabamento Branco<br \/>\nCompat\u00edvel com aquecedor solar<br \/>\nTemperatura estabilizada;<br \/>\nChave Seletora com 8 Temperaturas<br \/>\nElimina o desperd\u00edcio de \u00e1gua;<br \/>\nDiminui o consumo de energia el\u00e9trica;<br \/>\nDucha multidirecional;<br \/>\nDesviador total<\/p>\n<p>Apresenta\u00e7\u00e3o<br \/>\nH\u00e1 tempos o banho com \u00e1gua quente deixou de ser simplesmente uma forma de higieniza\u00e7\u00e3o pessoal e passou a ser uma formid\u00e1vel fonte de prazer, aliviando o estresse e proporcionando uma melhor qualidade de vida.<\/p>\n<p>AS DUCHAS POTENZA fazem parte desta evolu\u00e7\u00e3o e se destacam pelo seu estilo moderno, trazendo como resultado o conforto de banhos relaxantes, com efici\u00eancia, economia e seguran\u00e7a.<\/p>\n<p>Caracter\u00edsticas e Benef\u00edcios<br \/>\nDesign diferenciado com curvas harmonizadas. Beleza, estilo e sofistica\u00e7\u00e3o no banheiro.<br \/>\nCriteriosamente elaborada para obter maior efici\u00eancia. \u00c1gua mais quente para atenuar o cansa\u00e7o do dia-a-dia, tornando o banho mais confort\u00e1vel, principalmente em dias frios.<br \/>\n8 op\u00e7\u00f5es de temperaturas. A solu\u00e7\u00e3o para economizar energia e \u00e1gua no banho. Com as op\u00e7\u00f5es: Frio; Morno; Quente; Super Quente \u00e9 poss\u00edvel atingir a temperatura ideal de banho e ainda diminuir o consumo de energia el\u00e9trica e \u00e1gua.<br \/>\nDesviador total que impede a sa\u00edda simult\u00e2nea de \u00e1gua pelo crivo principal e ducha manual. O Desviador \u00e9 um dispositivo de bloqueio autom\u00e1tico que permite o fluxo de \u00e1gua somente no chuveirinho, quando desejado.<br \/>\nJato de \u00e1gua multidirecional. Possibilita direcionar o jato de \u00e1gua como desejar. Com o jato de \u00e1gua multidirecional, \u00e9 poss\u00edvel direcionar o jato para a parte desejada do corpo, sem molhar os cabelos.<br \/>\nF\u00e1cil instala\u00e7\u00e3o. Conex\u00e3o direta ao ponto de sa\u00edda de \u00e1gua da parede, dispensando o cano (bra\u00e7o) de interliga\u00e7\u00e3o. As Duchas Potenza dispensam este acess\u00f3rio, obrigat\u00f3rio na maioria das duchas e chuveiros el\u00e9tricos.<br \/>\nCompat\u00edvel no uso com sistemas de aquecimento solar Proporciona economia de \u00e1gua e energia em dias nublados, possibilitando o desligamento permanente do sistema auxiliar el\u00e9trico do aquecedor central.<br \/>\nResist\u00eancia com tratamento t\u00e9rmico. Maior durabilidade O tratamento t\u00e9rmico proporciona \u00e0 resist\u00eancia maior defesa \u00e0 corros\u00e3o provocada pelas subst\u00e2ncias qu\u00edmicas contidas na \u00e1gua.<br \/>\nMaior seguran\u00e7a. Compatibilidade com Dispositivo DR.<br \/>\nDevido a sua construtividade e alto grau de isola\u00e7\u00e3o el\u00e9trica, as Duchas Potenza s\u00e3o compat\u00edveis com o Dispositivo<br \/>\nEste produto tem seu desempenho aprovado pelo INMETRO e est\u00e1 em conformidade com o Programa Brasileiro de Etiquetagem &#8211; PBE.<\/p>\n<p>Informa\u00e7\u00f5es t\u00e9cnicas:<br \/>\nMarca: Cardal<br \/>\nCor: Branco<br \/>\nModelo: Ducha Potenza<br \/>\nTipo de Ducha: Multitemperatura \/ Multidirecional<br \/>\nTemperaturas: 8<br \/>\nEnergia de Alimenta\u00e7\u00e3o: 220V<br \/>\nPot\u00eancia: 7800W<br \/>\nFia\u00e7\u00e3o M\u00ednima: 6mm\u00b2<\/p>\n<p>Press\u00e3o de funcionamento:<br \/>\nM\u00ednima: 7 kPa (0,7 m.c.a.)<br \/>\nM\u00e1xima: 40 kPa (40 m.c.a.)<br \/>\nDisjuntor: 40 A<\/p>\n<p>Itens inclusos:<br \/>\n01 Ducha Potenza Pressurizada C\/ Desviador 8T BR Cardal 220v 7800w AQ030\/2;<br \/>\n01 Mangueira;<br \/>\n01 Ducha Manual;<br \/>\n01 Dispositivo redutor;<br \/>\n02 Conectores el\u00e9tricos;<br \/>\n01 Suporte para Ducha Manual;<br \/>\n02 Parafusos com buchas pl\u00e1sticas;<br \/>\n01 Manual de Instru\u00e7\u00f5es;<\/p>\n<p>ATEN\u00c7\u00c3O<\/p>\n<p>Enviado com Nota Fiscal.<\/p>\n<p>SOMOS ASSIST\u00caNCIA T\u00c9CNICA AUTORIZADA CARDAL.<\/p>","protected":false},"excerpt":{"rendered":"<p>Ducha Potenza Pressurizada C\/ Desviador 8T BR Cardal 220v 7800w AQ030\/2 A Ducha Pressurizada Potenza da Cardal \u00e9 uma ducha para ser instalada necessariamente em paredes. Acompanhando um desviador em sua estrutura f\u00edsica, garante maior facilidade de uso e conforto, tornando o banho uma atividade mais prazerosa. O desviador presente no corpo da ducha \u00e9 [&hellip;]<\/p>","protected":false},"featured_media":1084,"comment_status":"open","ping_status":"closed","template":"","meta":[],"product_brand":[],"product_cat":[24],"product_tag":[],"class_list":{"0":"post-990","1":"product","2":"type-product","3":"status-publish","4":"has-post-thumbnail","6":"product_cat-duchas-chuveiros","8":"first","9":"instock","10":"shipping-taxable","11":"purchasable","12":"product-type-simple"},"_links":{"self":[{"href":"https:\/\/www.acquavici.com.br\/en\/wp-json\/wp\/v2\/product\/990","targetHints":{"allow":["GET"]}}],"collection":[{"href":"https:\/\/www.acquavici.com.br\/en\/wp-json\/wp\/v2\/product"}],"about":[{"href":"https:\/\/www.acquavici.com.br\/en\/wp-json\/wp\/v2\/types\/product"}],"replies":[{"embeddable":true,"href":"https:\/\/www.acquavici.com.br\/en\/wp-json\/wp\/v2\/comments?post=990"}],"wp:featuredmedia":[{"embeddable":true,"href":"https:\/\/www.acquavici.com.br\/en\/wp-json\/wp\/v2\/media\/1084"}],"wp:attachment":[{"href":"https:\/\/www.acquavici.com.br\/en\/wp-json\/wp\/v2\/media?parent=990"}],"wp:term":[{"taxonomy":"product_brand","embeddable":true,"href":"https:\/\/www.acquavici.com.br\/en\/wp-json\/wp\/v2\/product_brand?post=990"},{"taxonomy":"product_cat","embeddable":true,"href":"https:\/\/www.acquavici.com.br\/en\/wp-json\/wp\/v2\/product_cat?post=990"},{"taxonomy":"product_tag","embeddable":true,"href":"https:\/\/www.acquavici.com.br\/en\/wp-json\/wp\/v2\/product_tag?post=990"}],"curies":[{"name":"wp","href":"https:\/\/api.w.org\/{rel}","templated":true}]}}